{"id":3796,"date":"2026-04-28T17:08:39","date_gmt":"2026-04-28T21:08:39","guid":{"rendered":"https:\/\/electrika.ca\/terms-and-conditions\/"},"modified":"2026-04-28T17:11:46","modified_gmt":"2026-04-28T21:11:46","slug":"terms-and-conditions","status":"publish","type":"page","link":"https:\/\/electrika.ca\/fr\/terms-and-conditions\/","title":{"rendered":"Terms and Conditions"},"content":{"rendered":"<p>[et_pb_section fb_built=\u00a0\u00bb1&Prime; _builder_version=\u00a0\u00bb4.27.6&Prime; _module_preset=\u00a0\u00bbdefault\u00a0\u00bb global_colors_info=\u00a0\u00bb{}\u00a0\u00bb][et_pb_row _builder_version=\u00a0\u00bb4.27.6&Prime; _module_preset=\u00a0\u00bbdefault\u00a0\u00bb global_colors_info=\u00a0\u00bb{}\u00a0\u00bb][et_pb_column type=\u00a0\u00bb4_4&Prime; _builder_version=\u00a0\u00bb4.27.6&Prime; _module_preset=\u00a0\u00bbdefault\u00a0\u00bb global_colors_info=\u00a0\u00bb{}\u00a0\u00bb][et_pb_text ol_position=\u00a0\u00bboutside\u00a0\u00bb admin_label=\u00a0\u00bbConsumer Protection Act\u00a0\u00bb _builder_version=\u00a0\u00bb4.27.6&Prime; _module_preset=\u00a0\u00bbdefault\u00a0\u00bb text_text_color=\u00a0\u00bb#292C65&Prime; text_font_size=\u00a0\u00bb18px\u00a0\u00bb header_2_text_color=\u00a0\u00bb#292C65&Prime; header_2_font_size=\u00a0\u00bb40px\u00a0\u00bb hover_enabled=\u00a0\u00bb0&Prime; global_colors_info=\u00a0\u00bb{}\u00a0\u00bb sticky_enabled=\u00a0\u00bb0&Prime;]<\/p>\n<h2 class=\"\">Termes et conditions<\/h2>\n<p>[\/et_pb_text][et_pb_divider color=\u00a0\u00bbRGBA(255,255,255,0)\u00a0\u00bb divider_weight=\u00a0\u00bb6px\u00a0\u00bb module_class=\u00a0\u00bbgradient-divider\u00a0\u00bb _builder_version=\u00a0\u00bb4.27.6&Prime; _module_preset=\u00a0\u00bbdefault\u00a0\u00bb width=\u00a0\u00bb20%\u00a0\u00bb module_alignment=\u00a0\u00bbleft\u00a0\u00bb global_colors_info=\u00a0\u00bb{}\u00a0\u00bb][\/et_pb_divider][et_pb_text ol_position=\u00a0\u00bboutside\u00a0\u00bb ol_item_indent=\u00a0\u00bb30px\u00a0\u00bb _builder_version=\u00a0\u00bb4.27.6&Prime; _module_preset=\u00a0\u00bbdefault\u00a0\u00bb text_text_color=\u00a0\u00bb#292C65&Prime; text_font_size=\u00a0\u00bb18px\u00a0\u00bb link_font=\u00a0\u00bb|700|||||||\u00a0\u00bb link_text_color=\u00a0\u00bb#20234B\u00a0\u00bb header_2_text_color=\u00a0\u00bb#292C65&Prime; header_2_font_size=\u00a0\u00bb34px\u00a0\u00bb hover_enabled=\u00a0\u00bb0&Prime; global_colors_info=\u00a0\u00bb{}\u00a0\u00bb sticky_enabled=\u00a0\u00bb0&Prime;]<\/p>\n<p style=\"font-weight: 400;\">Bienvenue \u00e0 Electrika INC ! Les pr\u00e9sentes conditions g\u00e9n\u00e9rales d\u00e9crivent les r\u00e8gles et les r\u00e8glements r\u00e9gissant l&rsquo;utilisation de notre site Web. En acc\u00e9dant \u00e0 ce site Web ou en l&rsquo;utilisant, vous acceptez d&rsquo;\u00eatre li\u00e9 par ces conditions. Si vous n&rsquo;\u00eates pas d&rsquo;accord avec une partie de ces conditions, veuillez ne pas utiliser notre site Web.<\/p>\n<p style=\"font-weight: 400;\">\n<ol>\n<li style=\"font-weight: 400;\"><strong> D\u00e9finitions<\/strong><\/li>\n<\/ol>\n<ul>\n<li style=\"font-weight: 400;\">Les termes \u00ab Soci\u00e9t\u00e9 \u00bb, \u00ab nous \u00bb, \u00ab notre \u00bb et \u00ab nos \u00bb d\u00e9signent Electrika INC, une soci\u00e9t\u00e9 enregistr\u00e9e au Qu\u00e9bec, Canada.<\/li>\n<li style=\"font-weight: 400;\">\u00ab Vous \u00bb et \u201cvotre\u201d d\u00e9signent l&rsquo;utilisateur, le visiteur ou le client qui acc\u00e8de \u00e0 notre site Web.<\/li>\n<\/ul>\n<ol start=\"2\">\n<li style=\"font-weight: 400;\"><strong> Les services<\/strong><\/li>\n<\/ol>\n<p style=\"font-weight: 400;\">Electrika INC se sp\u00e9cialise dans les services \u00e9lectriques au Qu\u00e9bec. Nous offrons des installations \u00e9lectriques, des r\u00e9parations et des consultations. Toutes les descriptions de services fournies sur ce site Web le sont \u00e0 titre informatif seulement et ne constituent pas un contrat de travail ou de services. Les services et les prix r\u00e9els peuvent varier en fonction de l&#8217;emplacement, de l&rsquo;\u00e9tendue des travaux et de la disponibilit\u00e9.<\/p>\n<ol start=\"3\">\n<li style=\"font-weight: 400;\"><strong> Utilisation du site web<\/strong><\/li>\n<\/ol>\n<p style=\"font-weight: 400;\">Vous acceptez de n&rsquo;utiliser notre site web qu&rsquo;\u00e0 des fins l\u00e9gales. Vous ne devez pas:<\/p>\n<ul>\n<li style=\"font-weight: 400;\">Vous engager dans une activit\u00e9 susceptible de nuire ou de perturber le fonctionnement de notre site web<\/li>\n<li style=\"font-weight: 400;\">Tenter d&rsquo;obtenir un acc\u00e8s non autoris\u00e9 \u00e0 toute partie de notre site, y compris nos serveurs ou nos bases de donn\u00e9es.<\/li>\n<li style=\"font-weight: 400;\">Utiliser notre site web \u00e0 des fins frauduleuses ou pour transmettre des contenus nuisibles.<\/li>\n<\/ul>\n<ol start=\"4\">\n<li style=\"font-weight: 400;\"><strong> Propri\u00e9t\u00e9 intellectuelle<\/strong><\/li>\n<\/ol>\n<p style=\"font-weight: 400;\">Tout le contenu de ce site Web, y compris, mais sans s&rsquo;y limiter, les textes, les graphiques, les logos et les images, est la propri\u00e9t\u00e9 d&rsquo;Electrika INC ou de ses conc\u00e9dants de licence et est prot\u00e9g\u00e9 par les lois sur la propri\u00e9t\u00e9 intellectuelle. Il est interdit de reproduire, de distribuer ou de modifier toute partie du site Web sans notre autorisation \u00e9crite expresse.<\/p>\n<ol start=\"5\">\n<li style=\"font-weight: 400;\"><strong> Limitation de responsabilit\u00e9<\/strong><\/li>\n<\/ol>\n<p style=\"font-weight: 400;\">Bien que nous nous efforcions d&rsquo;assurer l&rsquo;exactitude de l&rsquo;information fournie sur notre site Web, Electrika INC ne donne aucune garantie ni ne fait aucune d\u00e9claration quant \u00e0 l&rsquo;exhaustivit\u00e9, \u00e0 l&rsquo;exactitude ou \u00e0 la fiabilit\u00e9 du contenu. Nous ne sommes pas responsables des erreurs, des omissions ou des dommages d\u00e9coulant de l&rsquo;utilisation de notre site Web ou de la confiance accord\u00e9e \u00e0 l&rsquo;information fournie.<\/p>\n<ol start=\"6\">\n<li style=\"font-weight: 400;\"><strong> Liens vers d&rsquo;autres sites web<\/strong><\/li>\n<\/ol>\n<p style=\"font-weight: 400;\">Notre site web peut contenir des liens vers des sites web de tiers. Ces liens sont fournis pour votre commodit\u00e9 et n&rsquo;impliquent pas l&rsquo;approbation ou la responsabilit\u00e9 du contenu ou des pratiques de ces sites externes.<\/p>\n<ol start=\"7\">\n<li style=\"font-weight: 400;\"><strong> Politique de confidentialit\u00e9<\/strong><\/li>\n<\/ol>\n<p style=\"font-weight: 400;\">Nous accordons une grande importance \u00e0 la protection de votre vie priv\u00e9e. Veuillez consulter notre politique de confidentialit\u00e9 [lien] pour plus de d\u00e9tails sur la mani\u00e8re dont nous collectons, utilisons et prot\u00e9geons vos informations personnelles.<\/p>\n<ol start=\"8\">\n<li style=\"font-weight: 400;\"><strong> Droit applicable<\/strong><\/li>\n<\/ol>\n<p style=\"font-weight: 400;\">Les pr\u00e9sentes conditions g\u00e9n\u00e9rales sont r\u00e9gies et interpr\u00e9t\u00e9es conform\u00e9ment aux lois de la province de Qu\u00e9bec et aux lois f\u00e9d\u00e9rales du Canada.<\/p>\n<ol start=\"9\">\n<li style=\"font-weight: 400;\"><strong> Modifications des conditions<\/strong><\/li>\n<\/ol>\n<p style=\"font-weight: 400;\">Nous nous r\u00e9servons le droit de modifier les pr\u00e9sentes conditions g\u00e9n\u00e9rales \u00e0 tout moment. Toute modification entrera en vigueur d\u00e8s sa publication sur le site web. Le fait de continuer \u00e0 utiliser le site web constitue une acceptation des conditions r\u00e9vis\u00e9es.<\/p>\n<ol start=\"10\">\n<li style=\"font-weight: 400;\"><strong> Informations de contact<\/strong><\/li>\n<\/ol>\n<p style=\"font-weight: 400;\">Si vous avez des questions ou des pr\u00e9occupations concernant les pr\u00e9sentes conditions g\u00e9n\u00e9rales, veuillez nous contacter \u00e0 l&rsquo;adresse suivante: info@electrika.com.<\/p>\n<p>[\/et_pb_text][\/et_pb_column][\/et_pb_row][\/et_pb_section]<\/p>\n","protected":false},"excerpt":{"rendered":"<p>Termes et conditionsBienvenue \u00e0 Electrika INC ! Les pr\u00e9sentes conditions g\u00e9n\u00e9rales d\u00e9crivent les r\u00e8gles et les r\u00e8glements r\u00e9gissant l&rsquo;utilisation de notre site Web. En acc\u00e9dant \u00e0 ce site Web ou en l&rsquo;utilisant, vous acceptez d&rsquo;\u00eatre li\u00e9 par ces conditions. Si vous n&rsquo;\u00eates pas d&rsquo;accord avec une partie de ces conditions, veuillez ne pas utiliser notre [&hellip;]<\/p>\n","protected":false},"author":2,"featured_media":0,"parent":0,"menu_order":0,"comment_status":"closed","ping_status":"closed","template":"","meta":{"_et_pb_use_builder":"on","_et_pb_old_content":"","_et_gb_content_width":"","footnotes":""},"class_list":["post-3796","page","type-page","status-publish","hentry"],"yoast_head":"<!-- This site is optimized with the Yoast SEO plugin v27.5 - https:\/\/yoast.com\/product\/yoast-seo-wordpress\/ -->\n<title>Terms and Conditions - Electrika<\/title>\n<meta name=\"robots\" content=\"index, follow, max-snippet:-1, max-image-preview:large, max-video-preview:-1\" \/>\n<link rel=\"canonical\" href=\"https:\/\/electrika.ca\/fr\/terms-and-conditions\/\" \/>\n<meta property=\"og:locale\" content=\"fr_FR\" \/>\n<meta property=\"og:type\" content=\"article\" \/>\n<meta property=\"og:title\" content=\"Terms and Conditions - Electrika\" \/>\n<meta property=\"og:description\" content=\"Termes et conditionsBienvenue \u00e0 Electrika INC ! Les pr\u00e9sentes conditions g\u00e9n\u00e9rales d\u00e9crivent les r\u00e8gles et les r\u00e8glements r\u00e9gissant l&#039;utilisation de notre site Web. En acc\u00e9dant \u00e0 ce site Web ou en l&#039;utilisant, vous acceptez d&#039;\u00eatre li\u00e9 par ces conditions. Si vous n&#039;\u00eates pas d&#039;accord avec une partie de ces conditions, veuillez ne pas utiliser notre [&hellip;]\" \/>\n<meta property=\"og:url\" content=\"https:\/\/electrika.ca\/fr\/terms-and-conditions\/\" \/>\n<meta property=\"og:site_name\" content=\"Electrika\" \/>\n<meta property=\"article:publisher\" content=\"https:\/\/www.facebook.com\/Electrika.YourHomeElectrician\" \/>\n<meta property=\"article:modified_time\" content=\"2026-04-28T21:11:46+00:00\" \/>\n<meta property=\"og:image\" content=\"https:\/\/electrika.ca\/wp-content\/uploads\/2018\/04\/cropped-Electrika-Favicon.png\" \/>\n\t<meta property=\"og:image:width\" content=\"512\" \/>\n\t<meta property=\"og:image:height\" content=\"512\" \/>\n\t<meta property=\"og:image:type\" content=\"image\/png\" \/>\n<meta name=\"twitter:card\" content=\"summary_large_image\" \/>\n<meta name=\"twitter:label1\" content=\"Dur\u00e9e de lecture estim\u00e9e\" \/>\n\t<meta name=\"twitter:data1\" content=\"3 minutes\" \/>\n<script type=\"application\/ld+json\" class=\"yoast-schema-graph\">{\"@context\":\"https:\\\/\\\/schema.org\",\"@graph\":[{\"@type\":\"WebPage\",\"@id\":\"https:\\\/\\\/electrika.ca\\\/fr\\\/terms-and-conditions\\\/\",\"url\":\"https:\\\/\\\/electrika.ca\\\/fr\\\/terms-and-conditions\\\/\",\"name\":\"Terms and Conditions - Electrika\",\"isPartOf\":{\"@id\":\"https:\\\/\\\/electrika.ca\\\/fr\\\/#website\"},\"datePublished\":\"2026-04-28T21:08:39+00:00\",\"dateModified\":\"2026-04-28T21:11:46+00:00\",\"breadcrumb\":{\"@id\":\"https:\\\/\\\/electrika.ca\\\/fr\\\/terms-and-conditions\\\/#breadcrumb\"},\"inLanguage\":\"fr-FR\",\"potentialAction\":[{\"@type\":\"ReadAction\",\"target\":[\"https:\\\/\\\/electrika.ca\\\/fr\\\/terms-and-conditions\\\/\"]}]},{\"@type\":\"BreadcrumbList\",\"@id\":\"https:\\\/\\\/electrika.ca\\\/fr\\\/terms-and-conditions\\\/#breadcrumb\",\"itemListElement\":[{\"@type\":\"ListItem\",\"position\":1,\"name\":\"Home\",\"item\":\"https:\\\/\\\/electrika.ca\\\/fr\\\/\"},{\"@type\":\"ListItem\",\"position\":2,\"name\":\"Terms and Conditions\"}]},{\"@type\":\"WebSite\",\"@id\":\"https:\\\/\\\/electrika.ca\\\/fr\\\/#website\",\"url\":\"https:\\\/\\\/electrika.ca\\\/fr\\\/\",\"name\":\"Electrika\",\"description\":\"Home Services\",\"publisher\":{\"@id\":\"https:\\\/\\\/electrika.ca\\\/fr\\\/#organization\"},\"potentialAction\":[{\"@type\":\"SearchAction\",\"target\":{\"@type\":\"EntryPoint\",\"urlTemplate\":\"https:\\\/\\\/electrika.ca\\\/fr\\\/?s={search_term_string}\"},\"query-input\":{\"@type\":\"PropertyValueSpecification\",\"valueRequired\":true,\"valueName\":\"search_term_string\"}}],\"inLanguage\":\"fr-FR\"},{\"@type\":\"Organization\",\"@id\":\"https:\\\/\\\/electrika.ca\\\/fr\\\/#organization\",\"name\":\"Electrika\",\"url\":\"https:\\\/\\\/electrika.ca\\\/fr\\\/\",\"logo\":{\"@type\":\"ImageObject\",\"inLanguage\":\"fr-FR\",\"@id\":\"https:\\\/\\\/electrika.ca\\\/fr\\\/#\\\/schema\\\/logo\\\/image\\\/\",\"url\":\"https:\\\/\\\/electrika.ca\\\/wp-content\\\/uploads\\\/2018\\\/04\\\/Electrika-Logo.png\",\"contentUrl\":\"https:\\\/\\\/electrika.ca\\\/wp-content\\\/uploads\\\/2018\\\/04\\\/Electrika-Logo.png\",\"width\":600,\"height\":147,\"caption\":\"Electrika\"},\"image\":{\"@id\":\"https:\\\/\\\/electrika.ca\\\/fr\\\/#\\\/schema\\\/logo\\\/image\\\/\"},\"sameAs\":[\"https:\\\/\\\/www.facebook.com\\\/Electrika.YourHomeElectrician\",\"https:\\\/\\\/www.linkedin.com\\\/company\\\/electrika-inc-\\\/?originalSubdomain=ca\",\"https:\\\/\\\/www.youtube.com\\\/channel\\\/UCQssXvAQxaE6VVzCbdGdEOQ\"]}]}<\/script>\n<!-- \/ Yoast SEO plugin. -->","yoast_head_json":{"title":"Terms and Conditions - Electrika","robots":{"index":"index","follow":"follow","max-snippet":"max-snippet:-1","max-image-preview":"max-image-preview:large","max-video-preview":"max-video-preview:-1"},"canonical":"https:\/\/electrika.ca\/fr\/terms-and-conditions\/","og_locale":"fr_FR","og_type":"article","og_title":"Terms and Conditions - Electrika","og_description":"Termes et conditionsBienvenue \u00e0 Electrika INC ! Les pr\u00e9sentes conditions g\u00e9n\u00e9rales d\u00e9crivent les r\u00e8gles et les r\u00e8glements r\u00e9gissant l'utilisation de notre site Web. En acc\u00e9dant \u00e0 ce site Web ou en l'utilisant, vous acceptez d'\u00eatre li\u00e9 par ces conditions. Si vous n'\u00eates pas d'accord avec une partie de ces conditions, veuillez ne pas utiliser notre [&hellip;]","og_url":"https:\/\/electrika.ca\/fr\/terms-and-conditions\/","og_site_name":"Electrika","article_publisher":"https:\/\/www.facebook.com\/Electrika.YourHomeElectrician","article_modified_time":"2026-04-28T21:11:46+00:00","og_image":[{"width":512,"height":512,"url":"https:\/\/electrika.ca\/wp-content\/uploads\/2018\/04\/cropped-Electrika-Favicon.png","type":"image\/png"}],"twitter_card":"summary_large_image","twitter_misc":{"Dur\u00e9e de lecture estim\u00e9e":"3 minutes"},"schema":{"@context":"https:\/\/schema.org","@graph":[{"@type":"WebPage","@id":"https:\/\/electrika.ca\/fr\/terms-and-conditions\/","url":"https:\/\/electrika.ca\/fr\/terms-and-conditions\/","name":"Terms and Conditions - Electrika","isPartOf":{"@id":"https:\/\/electrika.ca\/fr\/#website"},"datePublished":"2026-04-28T21:08:39+00:00","dateModified":"2026-04-28T21:11:46+00:00","breadcrumb":{"@id":"https:\/\/electrika.ca\/fr\/terms-and-conditions\/#breadcrumb"},"inLanguage":"fr-FR","potentialAction":[{"@type":"ReadAction","target":["https:\/\/electrika.ca\/fr\/terms-and-conditions\/"]}]},{"@type":"BreadcrumbList","@id":"https:\/\/electrika.ca\/fr\/terms-and-conditions\/#breadcrumb","itemListElement":[{"@type":"ListItem","position":1,"name":"Home","item":"https:\/\/electrika.ca\/fr\/"},{"@type":"ListItem","position":2,"name":"Terms and Conditions"}]},{"@type":"WebSite","@id":"https:\/\/electrika.ca\/fr\/#website","url":"https:\/\/electrika.ca\/fr\/","name":"Electrika","description":"Home Services","publisher":{"@id":"https:\/\/electrika.ca\/fr\/#organization"},"potentialAction":[{"@type":"SearchAction","target":{"@type":"EntryPoint","urlTemplate":"https:\/\/electrika.ca\/fr\/?s={search_term_string}"},"query-input":{"@type":"PropertyValueSpecification","valueRequired":true,"valueName":"search_term_string"}}],"inLanguage":"fr-FR"},{"@type":"Organization","@id":"https:\/\/electrika.ca\/fr\/#organization","name":"Electrika","url":"https:\/\/electrika.ca\/fr\/","logo":{"@type":"ImageObject","inLanguage":"fr-FR","@id":"https:\/\/electrika.ca\/fr\/#\/schema\/logo\/image\/","url":"https:\/\/electrika.ca\/wp-content\/uploads\/2018\/04\/Electrika-Logo.png","contentUrl":"https:\/\/electrika.ca\/wp-content\/uploads\/2018\/04\/Electrika-Logo.png","width":600,"height":147,"caption":"Electrika"},"image":{"@id":"https:\/\/electrika.ca\/fr\/#\/schema\/logo\/image\/"},"sameAs":["https:\/\/www.facebook.com\/Electrika.YourHomeElectrician","https:\/\/www.linkedin.com\/company\/electrika-inc-\/?originalSubdomain=ca","https:\/\/www.youtube.com\/channel\/UCQssXvAQxaE6VVzCbdGdEOQ"]}]}},"_links":{"self":[{"href":"https:\/\/electrika.ca\/fr\/wp-json\/wp\/v2\/pages\/3796","targetHints":{"allow":["GET"]}}],"collection":[{"href":"https:\/\/electrika.ca\/fr\/wp-json\/wp\/v2\/pages"}],"about":[{"href":"https:\/\/electrika.ca\/fr\/wp-json\/wp\/v2\/types\/page"}],"author":[{"embeddable":true,"href":"https:\/\/electrika.ca\/fr\/wp-json\/wp\/v2\/users\/2"}],"replies":[{"embeddable":true,"href":"https:\/\/electrika.ca\/fr\/wp-json\/wp\/v2\/comments?post=3796"}],"version-history":[{"count":1,"href":"https:\/\/electrika.ca\/fr\/wp-json\/wp\/v2\/pages\/3796\/revisions"}],"predecessor-version":[{"id":3798,"href":"https:\/\/electrika.ca\/fr\/wp-json\/wp\/v2\/pages\/3796\/revisions\/3798"}],"wp:attachment":[{"href":"https:\/\/electrika.ca\/fr\/wp-json\/wp\/v2\/media?parent=3796"}],"curies":[{"name":"wp","href":"https:\/\/api.w.org\/{rel}","templated":true}]}}