{"id":3507,"date":"2026-04-22T06:22:08","date_gmt":"2026-04-22T10:22:08","guid":{"rendered":"https:\/\/electrika.ca\/grants\/"},"modified":"2026-04-28T04:40:57","modified_gmt":"2026-04-28T08:40:57","slug":"subventions","status":"publish","type":"page","link":"https:\/\/electrika.ca\/fr\/subventions\/","title":{"rendered":"Programmes de subventions et de cr\u00e9dits d&rsquo;imp\u00f4t"},"content":{"rendered":"<p>[et_pb_section fb_built=\u00a0\u00bb1&Prime; _builder_version=\u00a0\u00bb4.27.6&Prime; _module_preset=\u00a0\u00bbdefault\u00a0\u00bb global_colors_info=\u00a0\u00bb{}\u00a0\u00bb][et_pb_row _builder_version=\u00a0\u00bb4.27.6&Prime; _module_preset=\u00a0\u00bbdefault\u00a0\u00bb global_colors_info=\u00a0\u00bb{}\u00a0\u00bb][et_pb_column type=\u00a0\u00bb4_4&Prime; _builder_version=\u00a0\u00bb4.27.6&Prime; _module_preset=\u00a0\u00bbdefault\u00a0\u00bb global_colors_info=\u00a0\u00bb{}\u00a0\u00bb][et_pb_text ol_position=\u00a0\u00bboutside\u00a0\u00bb admin_label=\u00a0\u00bbAvailable Grants\u00a0\u00bb _builder_version=\u00a0\u00bb4.27.6&Prime; _module_preset=\u00a0\u00bbdefault\u00a0\u00bb text_text_color=\u00a0\u00bb#292C65&Prime; text_font_size=\u00a0\u00bb18px\u00a0\u00bb header_2_text_color=\u00a0\u00bb#292C65&Prime; header_2_font_size=\u00a0\u00bb40px\u00a0\u00bb hover_enabled=\u00a0\u00bb0&Prime; global_colors_info=\u00a0\u00bb{}\u00a0\u00bb sticky_enabled=\u00a0\u00bb0&Prime;]<\/p>\n<h2 class=\"title with-separator\">Subventions disponibles<\/h2>\n<p>[\/et_pb_text][et_pb_divider color=\u00a0\u00bbRGBA(255,255,255,0)\u00a0\u00bb divider_weight=\u00a0\u00bb6px\u00a0\u00bb module_class=\u00a0\u00bbgradient-divider\u00a0\u00bb _builder_version=\u00a0\u00bb4.27.6&Prime; _module_preset=\u00a0\u00bbdefault\u00a0\u00bb width=\u00a0\u00bb20%\u00a0\u00bb module_alignment=\u00a0\u00bbleft\u00a0\u00bb global_colors_info=\u00a0\u00bb{}\u00a0\u00bb][\/et_pb_divider][et_pb_text ol_position=\u00a0\u00bboutside\u00a0\u00bb ol_item_indent=\u00a0\u00bb30px\u00a0\u00bb _builder_version=\u00a0\u00bb4.27.6&Prime; _module_preset=\u00a0\u00bbdefault\u00a0\u00bb text_text_color=\u00a0\u00bb#292C65&Prime; text_font_size=\u00a0\u00bb18px\u00a0\u00bb header_2_text_color=\u00a0\u00bb#292C65&Prime; header_2_font_size=\u00a0\u00bb34px\u00a0\u00bb hover_enabled=\u00a0\u00bb0&Prime; global_colors_info=\u00a0\u00bb{}\u00a0\u00bb sticky_enabled=\u00a0\u00bb0&Prime;]<\/p>\n<h2>Subventions et programmes fiscaux pour l&rsquo;am\u00e9lioration de la ventilation et du chauffage au Qu\u00e9bec<\/h2>\n<p>Le Qu\u00e9bec offre une vari\u00e9t\u00e9 de subventions et d&rsquo;incitatifs fiscaux aux propri\u00e9taires et aux entreprises qui d\u00e9sirent am\u00e9liorer leurs syst\u00e8mes de ventilation et de chauffage. Ces programmes sont con\u00e7us pour promouvoir l&rsquo;efficacit\u00e9 \u00e9nerg\u00e9tique, r\u00e9duire les \u00e9missions de gaz \u00e0 effet de serre et am\u00e9liorer la qualit\u00e9 de l&rsquo;air int\u00e9rieur.<\/p>\n<ol>\n<li>\n<p><strong>Programme \u00c9coPerformance<\/strong><br \/>The \u00c9coPerformance Program provides financial assistance for energy-efficient upgrades in commercial, industrial, and residential sectors. Eligible projects include ventilation, heating system upgrades, and heat recovery installations that result in energy savings.<\/p>\n<\/li>\n<li><strong>R\u00e9noclimat<\/strong><br \/>Le programme R\u00e9noclimat offre des subventions pour la r\u00e9novation \u00e9nerg\u00e9tique des habitations, y compris l&rsquo;am\u00e9lioration des syst\u00e8mes de ventilation et de chauffage. Les propri\u00e9taires peuvent recevoir une aide financi\u00e8re apr\u00e8s avoir fait l&rsquo;objet d&rsquo;un audit \u00e9nerg\u00e9tique qui identifie les am\u00e9liorations admissibles.\n<\/li>\n<li><strong>Chauffez vert<\/strong><br \/>Chauffez vert est un programme d&rsquo;aide financi\u00e8re qui encourage le remplacement des syst\u00e8mes de chauffage au mazout ou au gaz par des syst\u00e8mes \u00e9lectriques ou d&rsquo;autres options d&rsquo;\u00e9nergie renouvelable. Ce programme vise \u00e0 r\u00e9duire la consommation de combustibles fossiles et \u00e0 am\u00e9liorer l&rsquo;efficacit\u00e9 \u00e9nerg\u00e9tique des propri\u00e9t\u00e9s r\u00e9sidentielles.\n<\/li>\n<li><strong>Cr\u00e9dits d&rsquo;imp\u00f4t pour la r\u00e9novation domiciliaire<\/strong>\n<p>Les propri\u00e9taires peuvent b\u00e9n\u00e9ficier de cr\u00e9dits d&rsquo;imp\u00f4t provinciaux lorsqu&rsquo;ils effectuent des r\u00e9novations respectueuses de l&rsquo;environnement. Il s&rsquo;agit notamment d&rsquo;installer des syst\u00e8mes de ventilation \u00e0 haut rendement \u00e9nerg\u00e9tique ou de moderniser l&rsquo;\u00e9quipement de chauffage afin de r\u00e9duire la consommation d&rsquo;\u00e9nergie et d&rsquo;am\u00e9liorer la qualit\u00e9 de l&rsquo;air.<\/p>\n<\/li>\n<\/ol>\n<p>&nbsp;<\/p>\n<p>Pour obtenir de plus amples renseignements sur l&rsquo;admissibilit\u00e9, les processus de demande et les derni\u00e8res mises \u00e0 jour de ces programmes, visitez le site Web du gouvernement du Qu\u00e9bec ou consultez des entrepreneurs certifi\u00e9s sp\u00e9cialis\u00e9s dans l&rsquo;am\u00e9lioration de l&rsquo;efficacit\u00e9 \u00e9nerg\u00e9tique des maisons.<\/p>\n<p>[\/et_pb_text][\/et_pb_column][\/et_pb_row][\/et_pb_section]<\/p>\n","protected":false},"excerpt":{"rendered":"<p>Subventions disponiblesSubventions et programmes fiscaux pour l&rsquo;am\u00e9lioration de la ventilation et du chauffage au Qu\u00e9bec Le Qu\u00e9bec offre une vari\u00e9t\u00e9 de subventions et d&rsquo;incitatifs fiscaux aux propri\u00e9taires et aux entreprises qui d\u00e9sirent am\u00e9liorer leurs syst\u00e8mes de ventilation et de chauffage. Ces programmes sont con\u00e7us pour promouvoir l&rsquo;efficacit\u00e9 \u00e9nerg\u00e9tique, r\u00e9duire les \u00e9missions de gaz \u00e0 effet [&hellip;]<\/p>\n","protected":false},"author":2,"featured_media":0,"parent":0,"menu_order":0,"comment_status":"closed","ping_status":"closed","template":"","meta":{"_et_pb_use_builder":"on","_et_pb_old_content":"","_et_gb_content_width":"","footnotes":""},"class_list":["post-3507","page","type-page","status-publish","hentry"],"yoast_head":"<!-- This site is optimized with the Yoast SEO plugin v27.5 - https:\/\/yoast.com\/product\/yoast-seo-wordpress\/ -->\n<title>Programmes de subventions et de cr\u00e9dits d&#039;imp\u00f4t - Electrika<\/title>\n<meta name=\"robots\" content=\"index, follow, max-snippet:-1, max-image-preview:large, max-video-preview:-1\" \/>\n<link rel=\"canonical\" href=\"https:\/\/electrika.ca\/fr\/subventions\/\" \/>\n<meta property=\"og:locale\" content=\"fr_FR\" \/>\n<meta property=\"og:type\" content=\"article\" \/>\n<meta property=\"og:title\" content=\"Programmes de subventions et de cr\u00e9dits d&#039;imp\u00f4t - Electrika\" \/>\n<meta property=\"og:description\" content=\"Subventions disponiblesSubventions et programmes fiscaux pour l&#039;am\u00e9lioration de la ventilation et du chauffage au Qu\u00e9bec Le Qu\u00e9bec offre une vari\u00e9t\u00e9 de subventions et d&#039;incitatifs fiscaux aux propri\u00e9taires et aux entreprises qui d\u00e9sirent am\u00e9liorer leurs syst\u00e8mes de ventilation et de chauffage. Ces programmes sont con\u00e7us pour promouvoir l&#039;efficacit\u00e9 \u00e9nerg\u00e9tique, r\u00e9duire les \u00e9missions de gaz \u00e0 effet [&hellip;]\" \/>\n<meta property=\"og:url\" content=\"https:\/\/electrika.ca\/fr\/subventions\/\" \/>\n<meta property=\"og:site_name\" content=\"Electrika\" \/>\n<meta property=\"article:publisher\" content=\"https:\/\/www.facebook.com\/Electrika.YourHomeElectrician\" \/>\n<meta property=\"article:modified_time\" content=\"2026-04-28T08:40:57+00:00\" \/>\n<meta property=\"og:image\" content=\"https:\/\/electrika.ca\/wp-content\/uploads\/2018\/04\/cropped-Electrika-Favicon.png\" \/>\n\t<meta property=\"og:image:width\" content=\"512\" \/>\n\t<meta property=\"og:image:height\" content=\"512\" \/>\n\t<meta property=\"og:image:type\" content=\"image\/png\" \/>\n<meta name=\"twitter:card\" content=\"summary_large_image\" \/>\n<meta name=\"twitter:label1\" content=\"Dur\u00e9e de lecture estim\u00e9e\" \/>\n\t<meta name=\"twitter:data1\" content=\"2 minutes\" \/>\n<script type=\"application\/ld+json\" class=\"yoast-schema-graph\">{\"@context\":\"https:\\\/\\\/schema.org\",\"@graph\":[{\"@type\":\"WebPage\",\"@id\":\"https:\\\/\\\/electrika.ca\\\/fr\\\/subventions\\\/\",\"url\":\"https:\\\/\\\/electrika.ca\\\/fr\\\/subventions\\\/\",\"name\":\"Programmes de subventions et de cr\u00e9dits d'imp\u00f4t - Electrika\",\"isPartOf\":{\"@id\":\"https:\\\/\\\/electrika.ca\\\/fr\\\/#website\"},\"datePublished\":\"2026-04-22T10:22:08+00:00\",\"dateModified\":\"2026-04-28T08:40:57+00:00\",\"breadcrumb\":{\"@id\":\"https:\\\/\\\/electrika.ca\\\/fr\\\/subventions\\\/#breadcrumb\"},\"inLanguage\":\"fr-FR\",\"potentialAction\":[{\"@type\":\"ReadAction\",\"target\":[\"https:\\\/\\\/electrika.ca\\\/fr\\\/subventions\\\/\"]}]},{\"@type\":\"BreadcrumbList\",\"@id\":\"https:\\\/\\\/electrika.ca\\\/fr\\\/subventions\\\/#breadcrumb\",\"itemListElement\":[{\"@type\":\"ListItem\",\"position\":1,\"name\":\"Home\",\"item\":\"https:\\\/\\\/electrika.ca\\\/fr\\\/\"},{\"@type\":\"ListItem\",\"position\":2,\"name\":\"Programmes de subventions et de cr\u00e9dits d&#8217;imp\u00f4t\"}]},{\"@type\":\"WebSite\",\"@id\":\"https:\\\/\\\/electrika.ca\\\/fr\\\/#website\",\"url\":\"https:\\\/\\\/electrika.ca\\\/fr\\\/\",\"name\":\"Electrika\",\"description\":\"Home Services\",\"publisher\":{\"@id\":\"https:\\\/\\\/electrika.ca\\\/fr\\\/#organization\"},\"potentialAction\":[{\"@type\":\"SearchAction\",\"target\":{\"@type\":\"EntryPoint\",\"urlTemplate\":\"https:\\\/\\\/electrika.ca\\\/fr\\\/?s={search_term_string}\"},\"query-input\":{\"@type\":\"PropertyValueSpecification\",\"valueRequired\":true,\"valueName\":\"search_term_string\"}}],\"inLanguage\":\"fr-FR\"},{\"@type\":\"Organization\",\"@id\":\"https:\\\/\\\/electrika.ca\\\/fr\\\/#organization\",\"name\":\"Electrika\",\"url\":\"https:\\\/\\\/electrika.ca\\\/fr\\\/\",\"logo\":{\"@type\":\"ImageObject\",\"inLanguage\":\"fr-FR\",\"@id\":\"https:\\\/\\\/electrika.ca\\\/fr\\\/#\\\/schema\\\/logo\\\/image\\\/\",\"url\":\"https:\\\/\\\/electrika.ca\\\/wp-content\\\/uploads\\\/2018\\\/04\\\/Electrika-Logo.png\",\"contentUrl\":\"https:\\\/\\\/electrika.ca\\\/wp-content\\\/uploads\\\/2018\\\/04\\\/Electrika-Logo.png\",\"width\":600,\"height\":147,\"caption\":\"Electrika\"},\"image\":{\"@id\":\"https:\\\/\\\/electrika.ca\\\/fr\\\/#\\\/schema\\\/logo\\\/image\\\/\"},\"sameAs\":[\"https:\\\/\\\/www.facebook.com\\\/Electrika.YourHomeElectrician\",\"https:\\\/\\\/www.linkedin.com\\\/company\\\/electrika-inc-\\\/?originalSubdomain=ca\",\"https:\\\/\\\/www.youtube.com\\\/channel\\\/UCQssXvAQxaE6VVzCbdGdEOQ\"]}]}<\/script>\n<!-- \/ Yoast SEO plugin. -->","yoast_head_json":{"title":"Programmes de subventions et de cr\u00e9dits d'imp\u00f4t - Electrika","robots":{"index":"index","follow":"follow","max-snippet":"max-snippet:-1","max-image-preview":"max-image-preview:large","max-video-preview":"max-video-preview:-1"},"canonical":"https:\/\/electrika.ca\/fr\/subventions\/","og_locale":"fr_FR","og_type":"article","og_title":"Programmes de subventions et de cr\u00e9dits d'imp\u00f4t - Electrika","og_description":"Subventions disponiblesSubventions et programmes fiscaux pour l'am\u00e9lioration de la ventilation et du chauffage au Qu\u00e9bec Le Qu\u00e9bec offre une vari\u00e9t\u00e9 de subventions et d'incitatifs fiscaux aux propri\u00e9taires et aux entreprises qui d\u00e9sirent am\u00e9liorer leurs syst\u00e8mes de ventilation et de chauffage. Ces programmes sont con\u00e7us pour promouvoir l'efficacit\u00e9 \u00e9nerg\u00e9tique, r\u00e9duire les \u00e9missions de gaz \u00e0 effet [&hellip;]","og_url":"https:\/\/electrika.ca\/fr\/subventions\/","og_site_name":"Electrika","article_publisher":"https:\/\/www.facebook.com\/Electrika.YourHomeElectrician","article_modified_time":"2026-04-28T08:40:57+00:00","og_image":[{"width":512,"height":512,"url":"https:\/\/electrika.ca\/wp-content\/uploads\/2018\/04\/cropped-Electrika-Favicon.png","type":"image\/png"}],"twitter_card":"summary_large_image","twitter_misc":{"Dur\u00e9e de lecture estim\u00e9e":"2 minutes"},"schema":{"@context":"https:\/\/schema.org","@graph":[{"@type":"WebPage","@id":"https:\/\/electrika.ca\/fr\/subventions\/","url":"https:\/\/electrika.ca\/fr\/subventions\/","name":"Programmes de subventions et de cr\u00e9dits d'imp\u00f4t - Electrika","isPartOf":{"@id":"https:\/\/electrika.ca\/fr\/#website"},"datePublished":"2026-04-22T10:22:08+00:00","dateModified":"2026-04-28T08:40:57+00:00","breadcrumb":{"@id":"https:\/\/electrika.ca\/fr\/subventions\/#breadcrumb"},"inLanguage":"fr-FR","potentialAction":[{"@type":"ReadAction","target":["https:\/\/electrika.ca\/fr\/subventions\/"]}]},{"@type":"BreadcrumbList","@id":"https:\/\/electrika.ca\/fr\/subventions\/#breadcrumb","itemListElement":[{"@type":"ListItem","position":1,"name":"Home","item":"https:\/\/electrika.ca\/fr\/"},{"@type":"ListItem","position":2,"name":"Programmes de subventions et de cr\u00e9dits d&#8217;imp\u00f4t"}]},{"@type":"WebSite","@id":"https:\/\/electrika.ca\/fr\/#website","url":"https:\/\/electrika.ca\/fr\/","name":"Electrika","description":"Home Services","publisher":{"@id":"https:\/\/electrika.ca\/fr\/#organization"},"potentialAction":[{"@type":"SearchAction","target":{"@type":"EntryPoint","urlTemplate":"https:\/\/electrika.ca\/fr\/?s={search_term_string}"},"query-input":{"@type":"PropertyValueSpecification","valueRequired":true,"valueName":"search_term_string"}}],"inLanguage":"fr-FR"},{"@type":"Organization","@id":"https:\/\/electrika.ca\/fr\/#organization","name":"Electrika","url":"https:\/\/electrika.ca\/fr\/","logo":{"@type":"ImageObject","inLanguage":"fr-FR","@id":"https:\/\/electrika.ca\/fr\/#\/schema\/logo\/image\/","url":"https:\/\/electrika.ca\/wp-content\/uploads\/2018\/04\/Electrika-Logo.png","contentUrl":"https:\/\/electrika.ca\/wp-content\/uploads\/2018\/04\/Electrika-Logo.png","width":600,"height":147,"caption":"Electrika"},"image":{"@id":"https:\/\/electrika.ca\/fr\/#\/schema\/logo\/image\/"},"sameAs":["https:\/\/www.facebook.com\/Electrika.YourHomeElectrician","https:\/\/www.linkedin.com\/company\/electrika-inc-\/?originalSubdomain=ca","https:\/\/www.youtube.com\/channel\/UCQssXvAQxaE6VVzCbdGdEOQ"]}]}},"_links":{"self":[{"href":"https:\/\/electrika.ca\/fr\/wp-json\/wp\/v2\/pages\/3507","targetHints":{"allow":["GET"]}}],"collection":[{"href":"https:\/\/electrika.ca\/fr\/wp-json\/wp\/v2\/pages"}],"about":[{"href":"https:\/\/electrika.ca\/fr\/wp-json\/wp\/v2\/types\/page"}],"author":[{"embeddable":true,"href":"https:\/\/electrika.ca\/fr\/wp-json\/wp\/v2\/users\/2"}],"replies":[{"embeddable":true,"href":"https:\/\/electrika.ca\/fr\/wp-json\/wp\/v2\/comments?post=3507"}],"version-history":[{"count":3,"href":"https:\/\/electrika.ca\/fr\/wp-json\/wp\/v2\/pages\/3507\/revisions"}],"predecessor-version":[{"id":3641,"href":"https:\/\/electrika.ca\/fr\/wp-json\/wp\/v2\/pages\/3507\/revisions\/3641"}],"wp:attachment":[{"href":"https:\/\/electrika.ca\/fr\/wp-json\/wp\/v2\/media?parent=3507"}],"curies":[{"name":"wp","href":"https:\/\/api.w.org\/{rel}","templated":true}]}}