{"id":3506,"date":"2018-04-05T11:52:44","date_gmt":"2018-04-05T15:52:44","guid":{"rendered":"https:\/\/electrika.ca\/faq\/"},"modified":"2018-04-05T11:52:44","modified_gmt":"2018-04-05T15:52:44","slug":"faq","status":"publish","type":"page","link":"https:\/\/electrika.ca\/fr\/faq\/","title":{"rendered":"Faq"},"content":{"rendered":"<p>[et_pb_section fb_built=\u00a0\u00bb1&Prime; module_class=\u00a0\u00bbhero-sec\u00a0\u00bb _builder_version=\u00a0\u00bb4.16&Prime; _module_preset=\u00a0\u00bbdefault\u00a0\u00bb background_color=\u00a0\u00bbrgba(0,0,0,0.64)\u00a0\u00bb background_image=\u00a0\u00bbhttps:\/\/electrika.ca\/wp-content\/uploads\/2021\/08\/17A9117.jpg\u00a0\u00bb parallax=\u00a0\u00bbon\u00a0\u00bb parallax_method=\u00a0\u00bboff\u00a0\u00bb custom_padding=\u00a0\u00bb120px||120px||true|false\u00a0\u00bb global_colors_info=\u00a0\u00bb{}\u00a0\u00bb][et_pb_row _builder_version=\u00a0\u00bb4.16&Prime; _module_preset=\u00a0\u00bbdefault\u00a0\u00bb locked=\u00a0\u00bboff\u00a0\u00bb global_colors_info=\u00a0\u00bb{}\u00a0\u00bb][et_pb_column type=\u00a0\u00bb4_4&Prime; _builder_version=\u00a0\u00bb4.16&Prime; _module_preset=\u00a0\u00bbdefault\u00a0\u00bb global_colors_info=\u00a0\u00bb{}\u00a0\u00bb][et_pb_text _builder_version=\u00a0\u00bb4.16&Prime; _module_preset=\u00a0\u00bbdefault\u00a0\u00bb header_text_align=\u00a0\u00bbcenter\u00a0\u00bb header_font_size=\u00a0\u00bb60px\u00a0\u00bb header_line_height=\u00a0\u00bb1.5em\u00a0\u00bb background_layout=\u00a0\u00bbdark\u00a0\u00bb custom_margin=\u00a0\u00bb||10px||false|false\u00a0\u00bb header_font_size_tablet=\u00a0\u00bb\u00a0\u00bb header_font_size_phone=\u00a0\u00bb48px\u00a0\u00bb header_font_size_last_edited=\u00a0\u00bbon|phone\u00a0\u00bb header_line_height_tablet=\u00a0\u00bb\u00a0\u00bb header_line_height_phone=\u00a0\u00bb1.3em\u00a0\u00bb header_line_height_last_edited=\u00a0\u00bbon|phone\u00a0\u00bb header_text_shadow_style=\u00a0\u00bbpreset2&Prime; global_colors_info=\u00a0\u00bb{}\u00a0\u00bb]<\/p>\n<h1>FAQ<\/h1>\n<p>[\/et_pb_text][\/et_pb_column][\/et_pb_row][\/et_pb_section][et_pb_section fb_built=\u00a0\u00bb1&Prime; _builder_version=\u00a0\u00bb4.27.6&Prime; custom_margin=\u00a0\u00bb||||false|false\u00a0\u00bb custom_padding=\u00a0\u00bb||||false|false\u00a0\u00bb hover_enabled=\u00a0\u00bb0&Prime; global_colors_info=\u00a0\u00bb{}\u00a0\u00bb sticky_enabled=\u00a0\u00bb0&Prime;][et_pb_row _builder_version=\u00a0\u00bb4.16&Prime; background_size=\u00a0\u00bbinitial\u00a0\u00bb background_position=\u00a0\u00bbtop_left\u00a0\u00bb background_repeat=\u00a0\u00bbrepeat\u00a0\u00bb global_colors_info=\u00a0\u00bb{}\u00a0\u00bb][et_pb_column type=\u00a0\u00bb4_4&Prime; _builder_version=\u00a0\u00bb4.16&Prime; custom_padding=\u00a0\u00bb|||\u00a0\u00bb global_colors_info=\u00a0\u00bb{}\u00a0\u00bb custom_padding__hover=\u00a0\u00bb|||\u00a0\u00bb][et_pb_text _builder_version=\u00a0\u00bb4.27.6&Prime; header_text_align=\u00a0\u00bbcenter\u00a0\u00bb header_text_color=\u00a0\u00bb#43416E\u00a0\u00bb header_font_size=\u00a0\u00bb36px\u00a0\u00bb text_orientation=\u00a0\u00bbcenter\u00a0\u00bb width=\u00a0\u00bb75%\u00a0\u00bb width_tablet=\u00a0\u00bb90%\u00a0\u00bb width_phone=\u00a0\u00bb100%\u00a0\u00bb width_last_edited=\u00a0\u00bbon|phone\u00a0\u00bb module_alignment=\u00a0\u00bbcenter\u00a0\u00bb global_colors_info=\u00a0\u00bb{}\u00a0\u00bb]<\/p>\n<h1 class=\"\">Frequently Asked <span class=\"skew\">Questions<\/span><\/h1>\n<p class=\"bodytext\">Electrika&rsquo;s FAQ section answers questions about modalities, qualifications, insurance, warranties, financing and more. Have a look and get to know our business better!<\/p>\n<p>[\/et_pb_text][et_pb_accordion open_toggle_text_color=\u00a0\u00bb#292C65&Prime; closed_toggle_background_color=\u00a0\u00bbRGBA(255,255,255,0)\u00a0\u00bb icon_color=\u00a0\u00bb#292C65&Prime; module_class=\u00a0\u00bbaccordion-closed\u00a0\u00bb _builder_version=\u00a0\u00bb4.27.6&Prime; _module_preset=\u00a0\u00bbdefault\u00a0\u00bb toggle_text_color=\u00a0\u00bb#292C65&Prime; toggle_font_size=\u00a0\u00bb22px\u00a0\u00bb width=\u00a0\u00bb75%\u00a0\u00bb width_tablet=\u00a0\u00bb90%\u00a0\u00bb width_phone=\u00a0\u00bb100%\u00a0\u00bb width_last_edited=\u00a0\u00bbon|phone\u00a0\u00bb module_alignment=\u00a0\u00bbcenter\u00a0\u00bb border_color_all=\u00a0\u00bb#292C65&Prime; locked=\u00a0\u00bboff\u00a0\u00bb global_colors_info=\u00a0\u00bb{}\u00a0\u00bb][et_pb_accordion_item title=\u00a0\u00bbDont&rsquo; touch\u00a0\u00bb open=\u00a0\u00bbon\u00a0\u00bb _builder_version=\u00a0\u00bb4.27.6&Prime; _module_preset=\u00a0\u00bbdefault\u00a0\u00bb global_colors_info=\u00a0\u00bb{}\u00a0\u00bb]The cost can vary depending on the charger type, your panel capacity, the distance between the panel and installation location, and whether panel upgrades are needed. For example, a straightforward installation is usually less complex than one requiring long wiring runs or panel upgrades. After our evaluation, we provide multiple options for your charger installation to allow you to make an informed decision before any work begins.[\/et_pb_accordion_item][et_pb_accordion_item title=\u00a0\u00bbWhat are your skills at Electrika?\u00a0\u00bb _builder_version=\u00a0\u00bb4.27.6&Prime; _module_preset=\u00a0\u00bbdefault\u00a0\u00bb global_colors_info=\u00a0\u00bb{}\u00a0\u00bb open=\u00a0\u00bboff\u00a0\u00bb]<\/p>\n<p>All contractors who work in your home should be members of the R\u00e9gie du b\u00e2timent du Quebec (RBQ). You can check the license of any contractor in the\u00a0<a href=\"http:\/\/www.rpe.rbq.gouv.qc.ca\/GIC_Public_NET\/RPE\/GIC111\/GIC111PR01RechercheEntrepreneur.aspx\" target=\"_blank\" rel=\"noopener noreferrer\" data-track-event=\"click\" data-track-action=\"link_clicked\">license holder\u2019s repertory<\/a>. Electrika has held its RBQ license since 2004 and remains a member in good standing.<\/p>\n<p>All electrical contractors have to be members of the Corporation des ma\u00eetres \u00e9lectriciens du Qu\u00e9bec (<a href=\"https:\/\/www.cmeq.org\/english\/\" target=\"_blank\" rel=\"noopener noreferrer\" data-track-event=\"click\" data-track-action=\"link_clicked\">CMEQ<\/a>), the governing body for all electrical contractors in Quebec. Its mission is to protect the public and ensure integrity and safe practices for all its members.<\/p>\n<p><a href=\"https:\/\/www.caaquebec.com\/en\/\" target=\"_blank\" rel=\"noopener noreferrer\" data-track-event=\"click\" data-track-action=\"link_clicked\">CAA Quebec<\/a>\u00a0is a non-profit organization that offers its members high quality residential services, as well as automotive, travel and financial services and products. They complete customer satisfaction surveys for each of the business affiliated with them. If you are a CAA member and show your card at the time of service, Electrika will give you a 3% discount up-to $100 off the service rendered.<\/p>\n<p>Members of the Association des professionnels de la construction et de l\u2019habitation du Qu\u00e9bec (<a href=\"https:\/\/www.apchq.com\/\" target=\"_blank\" rel=\"noopener noreferrer\" data-track-event=\"click\" data-track-action=\"link_clicked\">APCHQ<\/a>) are renovation master professionals recognized for their experience, their professionalism and their skills. Members have committed themselves to implement rules that reflect the best practices in renovation. We are able to offer financing for your home electrical project through the\u00a0<a href=\"https:\/\/www.apchq.com\/\" target=\"_blank\" rel=\"noopener noreferrer\" data-track-event=\"click\" data-track-action=\"link_clicked\">APCHQ<\/a>\u00a0reno ready program.<\/p>\n<p>[\/et_pb_accordion_item][et_pb_accordion_item title=\u00a0\u00bbDo you have liability insurance? If yes, can I have proof?\u00a0\u00bb _builder_version=\u00a0\u00bb4.27.6&Prime; _module_preset=\u00a0\u00bbdefault\u00a0\u00bb global_colors_info=\u00a0\u00bb{}\u00a0\u00bb open=\u00a0\u00bboff\u00a0\u00bb]<\/p>\n<div class=\"et_pb_module et_pb_toggle et_pb_toggle_1 et_pb_toggle_item et_pb_toggle_open\">\n<div class=\"et_pb_toggle_content clearfix\">\n<p>Of course, we will be happy to show it to you.<\/p>\n<\/div>\n<\/div>\n<p>[\/et_pb_accordion_item][et_pb_accordion_item title=\u00a0\u00bbDo you provide a written guarantee?\u00a0\u00bb _builder_version=\u00a0\u00bb4.27.6&Prime; _module_preset=\u00a0\u00bbdefault\u00a0\u00bb global_colors_info=\u00a0\u00bb{}\u00a0\u00bb open=\u00a0\u00bboff\u00a0\u00bb]<\/p>\n<p>Yes, we provide a written warranty for all the work we do in your house.<\/p>\n<p>[\/et_pb_accordion_item][et_pb_accordion_item title=\u00a0\u00bbHow long are your jobs guaranteed?\u00a0\u00bb _builder_version=\u00a0\u00bb4.27.6&Prime; _module_preset=\u00a0\u00bbdefault\u00a0\u00bb global_colors_info=\u00a0\u00bb{}\u00a0\u00bb open=\u00a0\u00bboff\u00a0\u00bb]<\/p>\n<p>We guarantee all repairs for one year. If a repair fails within the first year we will repair it again absolutely free. All electrical panel and main service installations are guaranteed for a period of 3 years. Equipment and Fixtures that are installed in your home are guaranteed for a period of 1 year.<\/p>\n<p>[\/et_pb_accordion_item][et_pb_accordion_item title=\u00a0\u00bbWhat is a home safety inspection?\u00a0\u00bb _builder_version=\u00a0\u00bb4.27.6&Prime; _module_preset=\u00a0\u00bbdefault\u00a0\u00bb global_colors_info=\u00a0\u00bb{}\u00a0\u00bb open=\u00a0\u00bboff\u00a0\u00bb]<\/p>\n<p>Electrika conducts a 12-point or 60-point evaluation of your electrical system. Our electricians will open panels, check for exposed wiring, lights, receptacles, switches, safety hazards, code violations and ground connections. This service is also offered to home owners and prospective home buyers who want to have a house inspected before they buy it.<\/p>\n<p>[\/et_pb_accordion_item][et_pb_accordion_item title=\u00a0\u00bbDo you guarantee the price of the work in writing before it starts (even if you take 2 times longer than expected to finish it)?\u00a0\u00bb _builder_version=\u00a0\u00bb4.27.6&Prime; _module_preset=\u00a0\u00bbdefault\u00a0\u00bb global_colors_info=\u00a0\u00bb{}\u00a0\u00bb open=\u00a0\u00bboff\u00a0\u00bb]<\/p>\n<p>With Electrika, you will have no surprises at the end of the job, as we give upfront pricing and we stick to it. What we give you is the actual cost to perform the service needed, so you know in advance how much it will cost you.<\/p>\n<p>[\/et_pb_accordion_item][et_pb_accordion_item title=\u00a0\u00bbWill all electricians who work at my home have a permit?\u00a0\u00bb _builder_version=\u00a0\u00bb4.27.6&Prime; _module_preset=\u00a0\u00bbdefault\u00a0\u00bb global_colors_info=\u00a0\u00bb{}\u00a0\u00bb open=\u00a0\u00bboff\u00a0\u00bb]<\/p>\n<p>All our electricians are fully qualified and most of them have more than 15 years of experience.<\/p>\n<p>[\/et_pb_accordion_item][et_pb_accordion_item title=\u00a0\u00bbHow can I pay for the work?\u00a0\u00bb _builder_version=\u00a0\u00bb4.27.6&Prime; _module_preset=\u00a0\u00bbdefault\u00a0\u00bb global_colors_info=\u00a0\u00bb{}\u00a0\u00bb open=\u00a0\u00bboff\u00a0\u00bb]<\/p>\n<p>We accept cash, cheque, Mastercard, and Visa. We also provide financing via Financeit.<\/p>\n<p>[\/et_pb_accordion_item][et_pb_accordion_item title=\u00a0\u00bbWhen will you be able to do the work?\u00a0\u00bb _builder_version=\u00a0\u00bb4.27.6&Prime; _module_preset=\u00a0\u00bbdefault\u00a0\u00bb global_colors_info=\u00a0\u00bb{}\u00a0\u00bb open=\u00a0\u00bboff\u00a0\u00bb]<\/p>\n<div class=\"et_pb_module et_pb_toggle et_pb_toggle_12 et_pb_toggle_item et_pb_toggle_open\">\n<div class=\"et_pb_toggle_content clearfix\">If it is an emergency, you can reach us 24\/7 and we will come to your home promptly. in any case, we will make sure that we respond to you in a timely manner. You can book an appointment by calling our live customer care from Monday to Saturday from 7 am to 5 pm. As we have fully stocked trucks, we should be able in most cases to service your needs immediately. If it\u2019s a longer job, we guarantee you that the work will be completed on time.<\/div>\n<\/div>\n<p>[\/et_pb_accordion_item][et_pb_accordion_item title=\u00a0\u00bbWhat is VIP treatment?\u00a0\u00bb _builder_version=\u00a0\u00bb4.27.6&Prime; _module_preset=\u00a0\u00bbdefault\u00a0\u00bb global_colors_info=\u00a0\u00bb{}\u00a0\u00bb open=\u00a0\u00bboff\u00a0\u00bb]<\/p>\n<p class=\"bodytext\">At Electrika, all our clients are important. Real people answer our phones and we will always treat you with courtesy and respect. We also make sure to always wear shoe protectors on our boots and will make sure we leave your home as clean if not cleaner than when we arrived.<\/p>\n<p class=\"bodytext\">Do you have other questions for us? Do not hesitate to\u00a0<a href=\"https:\/\/electrika.ca\/fr\/contactez-nous\/\" data-track-event=\"click\" data-track-action=\"internal_link_clicked\">contact us<\/a>\u00a0at any time.<\/p>\n<p>[\/et_pb_accordion_item][\/et_pb_accordion][\/et_pb_column][\/et_pb_row][\/et_pb_section][et_pb_section fb_built=\u00a0\u00bb1&Prime; admin_label=\u00a0\u00bbService Area\u00a0\u00bb _builder_version=\u00a0\u00bb4.27.6&Prime; _module_preset=\u00a0\u00bbdefault\u00a0\u00bb custom_margin=\u00a0\u00bb0px||||false|false\u00a0\u00bb custom_padding=\u00a0\u00bb0px||||false|false\u00a0\u00bb locked=\u00a0\u00bboff\u00a0\u00bb global_colors_info=\u00a0\u00bb{}\u00a0\u00bb][et_pb_row _builder_version=\u00a0\u00bb4.16&Prime; _module_preset=\u00a0\u00bbdefault\u00a0\u00bb global_colors_info=\u00a0\u00bb{}\u00a0\u00bb][et_pb_column type=\u00a0\u00bb4_4&Prime; _builder_version=\u00a0\u00bb4.16&Prime; _module_preset=\u00a0\u00bbdefault\u00a0\u00bb global_colors_info=\u00a0\u00bb{}\u00a0\u00bb][et_pb_text _builder_version=\u00a0\u00bb4.27.6&Prime; _module_preset=\u00a0\u00bbdefault\u00a0\u00bb header_2_text_align=\u00a0\u00bbcenter\u00a0\u00bb header_2_text_color=\u00a0\u00bb#43416e\u00a0\u00bb header_2_font_size=\u00a0\u00bb36px\u00a0\u00bb header_2_font_size_tablet=\u00a0\u00bb\u00a0\u00bb header_2_font_size_phone=\u00a0\u00bb30px\u00a0\u00bb header_2_font_size_last_edited=\u00a0\u00bbon|phone\u00a0\u00bb global_colors_info=\u00a0\u00bb{}\u00a0\u00bb]<\/p>\n<h2>Our <span class=\"skew\">Service Area<\/span><\/h2>\n<p>[\/et_pb_text][\/et_pb_column][\/et_pb_row][et_pb_row _builder_version=\u00a0\u00bb4.27.6&Prime; _module_preset=\u00a0\u00bbdefault\u00a0\u00bb global_colors_info=\u00a0\u00bb{}\u00a0\u00bb][et_pb_column type=\u00a0\u00bb4_4&Prime; _builder_version=\u00a0\u00bb4.27.6&Prime; _module_preset=\u00a0\u00bbdefault\u00a0\u00bb global_colors_info=\u00a0\u00bb{}\u00a0\u00bb][et_pb_image src=\u00a0\u00bbhttps:\/\/electrika.ca\/wp-content\/uploads\/2026\/04\/Electrika-service-area.jpg\u00a0\u00bb title_text=\u00a0\u00bbElectrika service area\u00a0\u00bb align=\u00a0\u00bbcenter\u00a0\u00bb _builder_version=\u00a0\u00bb4.27.6&Prime; _module_preset=\u00a0\u00bbdefault\u00a0\u00bb global_colors_info=\u00a0\u00bb{}\u00a0\u00bb][\/et_pb_image][\/et_pb_column][\/et_pb_row][\/et_pb_section]<\/p>\n","protected":false},"excerpt":{"rendered":"<p>FAQFrequently Asked Questions Electrika&rsquo;s FAQ section answers questions about modalities, qualifications, insurance, warranties, financing and more. Have a look and get to know our business better!The cost can vary depending on the charger type, your panel capacity, the distance between the panel and installation location, and whether panel upgrades are needed. For example, a straightforward [&hellip;]<\/p>\n","protected":false},"author":2,"featured_media":0,"parent":0,"menu_order":0,"comment_status":"closed","ping_status":"closed","template":"","meta":{"_et_pb_use_builder":"on","_et_pb_old_content":"","_et_gb_content_width":"","footnotes":""},"class_list":["post-3506","page","type-page","status-publish","hentry"],"yoast_head":"<!-- This site is optimized with the Yoast SEO plugin v27.5 - https:\/\/yoast.com\/product\/yoast-seo-wordpress\/ -->\n<title>Faq | Montreal Electrician | Electrika<\/title>\n<meta name=\"description\" content=\"Electrika answers some of your frequently asked questions about our residential electrician services in Montreal, Laval and the South Shore including qualifications, insurance, warranties, financing and more. For more information, please call us!\" \/>\n<meta name=\"robots\" content=\"index, follow, max-snippet:-1, max-image-preview:large, max-video-preview:-1\" \/>\n<link rel=\"canonical\" href=\"https:\/\/electrika.ca\/fr\/faq\/\" \/>\n<meta property=\"og:locale\" content=\"fr_FR\" \/>\n<meta property=\"og:type\" content=\"article\" \/>\n<meta property=\"og:title\" content=\"Faq | Montreal Electrician | Electrika\" \/>\n<meta property=\"og:description\" content=\"Electrika answers some of your frequently asked questions about our residential electrician services in Montreal, Laval and the South Shore including qualifications, insurance, warranties, financing and more. For more information, please call us!\" \/>\n<meta property=\"og:url\" content=\"https:\/\/electrika.ca\/fr\/faq\/\" \/>\n<meta property=\"og:site_name\" content=\"Electrika\" \/>\n<meta property=\"article:publisher\" content=\"https:\/\/www.facebook.com\/Electrika.YourHomeElectrician\" \/>\n<meta property=\"og:image\" content=\"https:\/\/electrika.ca\/wp-content\/uploads\/2018\/04\/cropped-Electrika-Favicon.png\" \/>\n\t<meta property=\"og:image:width\" content=\"512\" \/>\n\t<meta property=\"og:image:height\" content=\"512\" \/>\n\t<meta property=\"og:image:type\" content=\"image\/png\" \/>\n<meta name=\"twitter:card\" content=\"summary_large_image\" \/>\n<meta name=\"twitter:label1\" content=\"Dur\u00e9e de lecture estim\u00e9e\" \/>\n\t<meta name=\"twitter:data1\" content=\"4 minutes\" \/>\n<script type=\"application\/ld+json\" class=\"yoast-schema-graph\">{\"@context\":\"https:\\\/\\\/schema.org\",\"@graph\":[{\"@type\":\"WebPage\",\"@id\":\"https:\\\/\\\/electrika.ca\\\/fr\\\/faq\\\/\",\"url\":\"https:\\\/\\\/electrika.ca\\\/fr\\\/faq\\\/\",\"name\":\"Faq | Montreal Electrician | Electrika\",\"isPartOf\":{\"@id\":\"https:\\\/\\\/electrika.ca\\\/fr\\\/#website\"},\"datePublished\":\"2018-04-05T15:52:44+00:00\",\"description\":\"Electrika answers some of your frequently asked questions about our residential electrician services in Montreal, Laval and the South Shore including qualifications, insurance, warranties, financing and more. For more information, please call us!\",\"breadcrumb\":{\"@id\":\"https:\\\/\\\/electrika.ca\\\/fr\\\/faq\\\/#breadcrumb\"},\"inLanguage\":\"fr-FR\",\"potentialAction\":[{\"@type\":\"ReadAction\",\"target\":[\"https:\\\/\\\/electrika.ca\\\/fr\\\/faq\\\/\"]}]},{\"@type\":\"BreadcrumbList\",\"@id\":\"https:\\\/\\\/electrika.ca\\\/fr\\\/faq\\\/#breadcrumb\",\"itemListElement\":[{\"@type\":\"ListItem\",\"position\":1,\"name\":\"Home\",\"item\":\"https:\\\/\\\/electrika.ca\\\/fr\\\/\"},{\"@type\":\"ListItem\",\"position\":2,\"name\":\"Faq\"}]},{\"@type\":\"WebSite\",\"@id\":\"https:\\\/\\\/electrika.ca\\\/fr\\\/#website\",\"url\":\"https:\\\/\\\/electrika.ca\\\/fr\\\/\",\"name\":\"Electrika\",\"description\":\"Home Services\",\"publisher\":{\"@id\":\"https:\\\/\\\/electrika.ca\\\/fr\\\/#organization\"},\"potentialAction\":[{\"@type\":\"SearchAction\",\"target\":{\"@type\":\"EntryPoint\",\"urlTemplate\":\"https:\\\/\\\/electrika.ca\\\/fr\\\/?s={search_term_string}\"},\"query-input\":{\"@type\":\"PropertyValueSpecification\",\"valueRequired\":true,\"valueName\":\"search_term_string\"}}],\"inLanguage\":\"fr-FR\"},{\"@type\":\"Organization\",\"@id\":\"https:\\\/\\\/electrika.ca\\\/fr\\\/#organization\",\"name\":\"Electrika\",\"url\":\"https:\\\/\\\/electrika.ca\\\/fr\\\/\",\"logo\":{\"@type\":\"ImageObject\",\"inLanguage\":\"fr-FR\",\"@id\":\"https:\\\/\\\/electrika.ca\\\/fr\\\/#\\\/schema\\\/logo\\\/image\\\/\",\"url\":\"https:\\\/\\\/electrika.ca\\\/wp-content\\\/uploads\\\/2018\\\/04\\\/Electrika-Logo.png\",\"contentUrl\":\"https:\\\/\\\/electrika.ca\\\/wp-content\\\/uploads\\\/2018\\\/04\\\/Electrika-Logo.png\",\"width\":600,\"height\":147,\"caption\":\"Electrika\"},\"image\":{\"@id\":\"https:\\\/\\\/electrika.ca\\\/fr\\\/#\\\/schema\\\/logo\\\/image\\\/\"},\"sameAs\":[\"https:\\\/\\\/www.facebook.com\\\/Electrika.YourHomeElectrician\",\"https:\\\/\\\/www.linkedin.com\\\/company\\\/electrika-inc-\\\/?originalSubdomain=ca\",\"https:\\\/\\\/www.youtube.com\\\/channel\\\/UCQssXvAQxaE6VVzCbdGdEOQ\"]}]}<\/script>\n<!-- \/ Yoast SEO plugin. -->","yoast_head_json":{"title":"Faq | Montreal Electrician | Electrika","description":"Electrika answers some of your frequently asked questions about our residential electrician services in Montreal, Laval and the South Shore including qualifications, insurance, warranties, financing and more. For more information, please call us!","robots":{"index":"index","follow":"follow","max-snippet":"max-snippet:-1","max-image-preview":"max-image-preview:large","max-video-preview":"max-video-preview:-1"},"canonical":"https:\/\/electrika.ca\/fr\/faq\/","og_locale":"fr_FR","og_type":"article","og_title":"Faq | Montreal Electrician | Electrika","og_description":"Electrika answers some of your frequently asked questions about our residential electrician services in Montreal, Laval and the South Shore including qualifications, insurance, warranties, financing and more. For more information, please call us!","og_url":"https:\/\/electrika.ca\/fr\/faq\/","og_site_name":"Electrika","article_publisher":"https:\/\/www.facebook.com\/Electrika.YourHomeElectrician","og_image":[{"width":512,"height":512,"url":"https:\/\/electrika.ca\/wp-content\/uploads\/2018\/04\/cropped-Electrika-Favicon.png","type":"image\/png"}],"twitter_card":"summary_large_image","twitter_misc":{"Dur\u00e9e de lecture estim\u00e9e":"4 minutes"},"schema":{"@context":"https:\/\/schema.org","@graph":[{"@type":"WebPage","@id":"https:\/\/electrika.ca\/fr\/faq\/","url":"https:\/\/electrika.ca\/fr\/faq\/","name":"Faq | Montreal Electrician | Electrika","isPartOf":{"@id":"https:\/\/electrika.ca\/fr\/#website"},"datePublished":"2018-04-05T15:52:44+00:00","description":"Electrika answers some of your frequently asked questions about our residential electrician services in Montreal, Laval and the South Shore including qualifications, insurance, warranties, financing and more. For more information, please call us!","breadcrumb":{"@id":"https:\/\/electrika.ca\/fr\/faq\/#breadcrumb"},"inLanguage":"fr-FR","potentialAction":[{"@type":"ReadAction","target":["https:\/\/electrika.ca\/fr\/faq\/"]}]},{"@type":"BreadcrumbList","@id":"https:\/\/electrika.ca\/fr\/faq\/#breadcrumb","itemListElement":[{"@type":"ListItem","position":1,"name":"Home","item":"https:\/\/electrika.ca\/fr\/"},{"@type":"ListItem","position":2,"name":"Faq"}]},{"@type":"WebSite","@id":"https:\/\/electrika.ca\/fr\/#website","url":"https:\/\/electrika.ca\/fr\/","name":"Electrika","description":"Home Services","publisher":{"@id":"https:\/\/electrika.ca\/fr\/#organization"},"potentialAction":[{"@type":"SearchAction","target":{"@type":"EntryPoint","urlTemplate":"https:\/\/electrika.ca\/fr\/?s={search_term_string}"},"query-input":{"@type":"PropertyValueSpecification","valueRequired":true,"valueName":"search_term_string"}}],"inLanguage":"fr-FR"},{"@type":"Organization","@id":"https:\/\/electrika.ca\/fr\/#organization","name":"Electrika","url":"https:\/\/electrika.ca\/fr\/","logo":{"@type":"ImageObject","inLanguage":"fr-FR","@id":"https:\/\/electrika.ca\/fr\/#\/schema\/logo\/image\/","url":"https:\/\/electrika.ca\/wp-content\/uploads\/2018\/04\/Electrika-Logo.png","contentUrl":"https:\/\/electrika.ca\/wp-content\/uploads\/2018\/04\/Electrika-Logo.png","width":600,"height":147,"caption":"Electrika"},"image":{"@id":"https:\/\/electrika.ca\/fr\/#\/schema\/logo\/image\/"},"sameAs":["https:\/\/www.facebook.com\/Electrika.YourHomeElectrician","https:\/\/www.linkedin.com\/company\/electrika-inc-\/?originalSubdomain=ca","https:\/\/www.youtube.com\/channel\/UCQssXvAQxaE6VVzCbdGdEOQ"]}]}},"_links":{"self":[{"href":"https:\/\/electrika.ca\/fr\/wp-json\/wp\/v2\/pages\/3506","targetHints":{"allow":["GET"]}}],"collection":[{"href":"https:\/\/electrika.ca\/fr\/wp-json\/wp\/v2\/pages"}],"about":[{"href":"https:\/\/electrika.ca\/fr\/wp-json\/wp\/v2\/types\/page"}],"author":[{"embeddable":true,"href":"https:\/\/electrika.ca\/fr\/wp-json\/wp\/v2\/users\/2"}],"replies":[{"embeddable":true,"href":"https:\/\/electrika.ca\/fr\/wp-json\/wp\/v2\/comments?post=3506"}],"version-history":[{"count":0,"href":"https:\/\/electrika.ca\/fr\/wp-json\/wp\/v2\/pages\/3506\/revisions"}],"wp:attachment":[{"href":"https:\/\/electrika.ca\/fr\/wp-json\/wp\/v2\/media?parent=3506"}],"curies":[{"name":"wp","href":"https:\/\/api.w.org\/{rel}","templated":true}]}}