{"id":3452,"date":"2018-04-05T12:04:57","date_gmt":"2018-04-05T16:04:57","guid":{"rendered":"https:\/\/electrika.ca\/blog\/"},"modified":"2026-04-29T08:42:27","modified_gmt":"2026-04-29T12:42:27","slug":"blog","status":"publish","type":"page","link":"https:\/\/electrika.ca\/fr\/blog\/","title":{"rendered":"Blog"},"content":{"rendered":"<p>[et_pb_section fb_built=\u00a0\u00bb1&Prime; _builder_version=\u00a0\u00bb4.27.6&Prime; _module_preset=\u00a0\u00bbdefault\u00a0\u00bb background_color=\u00a0\u00bbrgba(0,0,0,0.4)\u00a0\u00bb background_image=\u00a0\u00bbhttps:\/\/electrika.ca\/wp-content\/uploads\/2020\/06\/ELECTRIKA-GROUP-137.jpg\u00a0\u00bb background_blend=\u00a0\u00bboverlay\u00a0\u00bb custom_padding=\u00a0\u00bb120px||120px||true|false\u00a0\u00bb global_colors_info=\u00a0\u00bb{}\u00a0\u00bb][et_pb_row _builder_version=\u00a0\u00bb4.16&Prime; _module_preset=\u00a0\u00bbdefault\u00a0\u00bb locked=\u00a0\u00bboff\u00a0\u00bb global_colors_info=\u00a0\u00bb{}\u00a0\u00bb][et_pb_column type=\u00a0\u00bb4_4&Prime; _builder_version=\u00a0\u00bb4.16&Prime; _module_preset=\u00a0\u00bbdefault\u00a0\u00bb global_colors_info=\u00a0\u00bb{}\u00a0\u00bb][et_pb_text _builder_version=\u00a0\u00bb4.27.6&Prime; _module_preset=\u00a0\u00bbdefault\u00a0\u00bb header_text_align=\u00a0\u00bbcenter\u00a0\u00bb header_font_size=\u00a0\u00bb60px\u00a0\u00bb header_line_height=\u00a0\u00bb1.5em\u00a0\u00bb background_layout=\u00a0\u00bbdark\u00a0\u00bb custom_margin=\u00a0\u00bb||10px||false|false\u00a0\u00bb header_font_size_tablet=\u00a0\u00bb\u00a0\u00bb header_font_size_phone=\u00a0\u00bb48px\u00a0\u00bb header_font_size_last_edited=\u00a0\u00bbon|phone\u00a0\u00bb header_line_height_tablet=\u00a0\u00bb\u00a0\u00bb header_line_height_phone=\u00a0\u00bb1.3em\u00a0\u00bb header_line_height_last_edited=\u00a0\u00bbon|phone\u00a0\u00bb header_text_shadow_style=\u00a0\u00bbpreset2&Prime; global_colors_info=\u00a0\u00bb{}\u00a0\u00bb]<\/p>\n<h1>Blog<\/h1>\n<p>[\/et_pb_text][\/et_pb_column][\/et_pb_row][\/et_pb_section][et_pb_section fb_built=\u00a0\u00bb1&Prime; _builder_version=\u00a0\u00bb4.16&Prime; global_colors_info=\u00a0\u00bb{}\u00a0\u00bb][et_pb_row use_custom_gutter=\u00a0\u00bbon\u00a0\u00bb gutter_width=\u00a0\u00bb2&Prime; _builder_version=\u00a0\u00bb4.27.6&Prime; background_size=\u00a0\u00bbinitial\u00a0\u00bb background_position=\u00a0\u00bbtop_left\u00a0\u00bb background_repeat=\u00a0\u00bbrepeat\u00a0\u00bb global_colors_info=\u00a0\u00bb{}\u00a0\u00bb][et_pb_column type=\u00a0\u00bb4_4&Prime; _builder_version=\u00a0\u00bb4.27.6&Prime; custom_padding=\u00a0\u00bb|30px|||false|false\u00a0\u00bb custom_padding_tablet=\u00a0\u00bb|0px|||false|false\u00a0\u00bb custom_padding_phone=\u00a0\u00bb\u00a0\u00bb custom_padding_last_edited=\u00a0\u00bbon|tablet\u00a0\u00bb border_color_right=\u00a0\u00bb#43416E\u00a0\u00bb global_colors_info=\u00a0\u00bb{}\u00a0\u00bb custom_padding__hover=\u00a0\u00bb|||\u00a0\u00bb][et_pb_text _builder_version=\u00a0\u00bb4.27.6&Prime; header_text_color=\u00a0\u00bb#43416E\u00a0\u00bb header_2_text_color=\u00a0\u00bb#292C65&Prime; header_2_line_height=\u00a0\u00bb1.3em\u00a0\u00bb custom_margin=\u00a0\u00bb||40px||false|false\u00a0\u00bb hover_enabled=\u00a0\u00bb0&Prime; global_colors_info=\u00a0\u00bb{}\u00a0\u00bb sticky_enabled=\u00a0\u00bb0&Prime;]<\/p>\n<h2>Electrika offre des services \u00e9lectriques r\u00e9sidentiels depuis 2004. Au fil des ann\u00e9es, nous avons vu toutes les situations possibles. Voici une ressource fiable sur notre m\u00e9tier : s\u00e9curit\u00e9, pr\u00e9vention, conseils pratiques, astuces intelligentes et bien plus encore. Bonne lecture !<\/h2>\n<p>[\/et_pb_text][et_pb_blog show_more=\u00a0\u00bbon\u00a0\u00bb show_author=\u00a0\u00bboff\u00a0\u00bb show_date=\u00a0\u00bboff\u00a0\u00bb show_categories=\u00a0\u00bboff\u00a0\u00bb module_class=\u00a0\u00bbblog-section\u00a0\u00bb _builder_version=\u00a0\u00bb4.27.6&Prime; header_font=\u00a0\u00bb||||||||\u00a0\u00bb header_text_color=\u00a0\u00bb#43416E\u00a0\u00bb read_more_font=\u00a0\u00bb|700|||||||\u00a0\u00bb read_more_text_color=\u00a0\u00bb#292C65&Prime; custom_margin=\u00a0\u00bb||||false|false\u00a0\u00bb hover_enabled=\u00a0\u00bb0&Prime; pagination_font_size_tablet=\u00a0\u00bb51&Prime; pagination_line_height_tablet=\u00a0\u00bb2&Prime; global_colors_info=\u00a0\u00bb{}\u00a0\u00bb pagination_text_color=\u00a0\u00bb#20234B\u00a0\u00bb sticky_enabled=\u00a0\u00bb0&Prime;][\/et_pb_blog][\/et_pb_column][\/et_pb_row][\/et_pb_section]<\/p>\n","protected":false},"excerpt":{"rendered":"<p>BlogElectrika offre des services \u00e9lectriques r\u00e9sidentiels depuis 2004. Au fil des ann\u00e9es, nous avons vu toutes les situations possibles. Voici une ressource fiable sur notre m\u00e9tier : s\u00e9curit\u00e9, pr\u00e9vention, conseils pratiques, astuces intelligentes et bien plus encore. Bonne lecture !<\/p>\n","protected":false},"author":6,"featured_media":0,"parent":0,"menu_order":0,"comment_status":"closed","ping_status":"closed","template":"","meta":{"_et_pb_use_builder":"on","_et_pb_old_content":"","_et_gb_content_width":"","footnotes":""},"class_list":["post-3452","page","type-page","status-publish","hentry"],"yoast_head":"<!-- This site is optimized with the Yoast SEO plugin v27.5 - https:\/\/yoast.com\/product\/yoast-seo-wordpress\/ -->\n<title>Blog - Electrika<\/title>\n<meta name=\"description\" content=\"Electrika has been providing residential electrical services since 2004. Over the years, we have seen every possible scenario. Here\u2019s a trustworthy resource about our profession: safety, prevention, pieces of advice, smart tips and much more for your home electrician needs.\" \/>\n<meta name=\"robots\" content=\"index, follow, max-snippet:-1, max-image-preview:large, max-video-preview:-1\" \/>\n<link rel=\"canonical\" href=\"https:\/\/electrika.ca\/fr\/blog\/\" \/>\n<meta property=\"og:locale\" content=\"fr_FR\" \/>\n<meta property=\"og:type\" content=\"article\" \/>\n<meta property=\"og:title\" content=\"Blog - Electrika\" \/>\n<meta property=\"og:description\" content=\"Electrika has been providing residential electrical services since 2004. Over the years, we have seen every possible scenario. Here\u2019s a trustworthy resource about our profession: safety, prevention, pieces of advice, smart tips and much more for your home electrician needs.\" \/>\n<meta property=\"og:url\" content=\"https:\/\/electrika.ca\/fr\/blog\/\" \/>\n<meta property=\"og:site_name\" content=\"Electrika\" \/>\n<meta property=\"article:publisher\" content=\"https:\/\/www.facebook.com\/Electrika.YourHomeElectrician\" \/>\n<meta property=\"article:modified_time\" content=\"2026-04-29T12:42:27+00:00\" \/>\n<meta property=\"og:image\" content=\"https:\/\/electrika.ca\/wp-content\/uploads\/2018\/04\/cropped-Electrika-Favicon.png\" \/>\n\t<meta property=\"og:image:width\" content=\"512\" \/>\n\t<meta property=\"og:image:height\" content=\"512\" \/>\n\t<meta property=\"og:image:type\" content=\"image\/png\" \/>\n<meta name=\"twitter:card\" content=\"summary_large_image\" \/>\n<meta name=\"twitter:label1\" content=\"Dur\u00e9e de lecture estim\u00e9e\" \/>\n\t<meta name=\"twitter:data1\" content=\"3 minutes\" \/>\n<script type=\"application\/ld+json\" class=\"yoast-schema-graph\">{\"@context\":\"https:\\\/\\\/schema.org\",\"@graph\":[{\"@type\":\"WebPage\",\"@id\":\"https:\\\/\\\/electrika.ca\\\/fr\\\/blog\\\/\",\"url\":\"https:\\\/\\\/electrika.ca\\\/fr\\\/blog\\\/\",\"name\":\"Blog - Electrika\",\"isPartOf\":{\"@id\":\"https:\\\/\\\/electrika.ca\\\/fr\\\/#website\"},\"datePublished\":\"2018-04-05T16:04:57+00:00\",\"dateModified\":\"2026-04-29T12:42:27+00:00\",\"description\":\"Electrika has been providing residential electrical services since 2004. Over the years, we have seen every possible scenario. Here\u2019s a trustworthy resource about our profession: safety, prevention, pieces of advice, smart tips and much more for your home electrician needs.\",\"breadcrumb\":{\"@id\":\"https:\\\/\\\/electrika.ca\\\/fr\\\/blog\\\/#breadcrumb\"},\"inLanguage\":\"fr-FR\",\"potentialAction\":[{\"@type\":\"ReadAction\",\"target\":[\"https:\\\/\\\/electrika.ca\\\/fr\\\/blog\\\/\"]}]},{\"@type\":\"BreadcrumbList\",\"@id\":\"https:\\\/\\\/electrika.ca\\\/fr\\\/blog\\\/#breadcrumb\",\"itemListElement\":[{\"@type\":\"ListItem\",\"position\":1,\"name\":\"Home\",\"item\":\"https:\\\/\\\/electrika.ca\\\/fr\\\/\"},{\"@type\":\"ListItem\",\"position\":2,\"name\":\"Blog\"}]},{\"@type\":\"WebSite\",\"@id\":\"https:\\\/\\\/electrika.ca\\\/fr\\\/#website\",\"url\":\"https:\\\/\\\/electrika.ca\\\/fr\\\/\",\"name\":\"Electrika\",\"description\":\"Home Services\",\"publisher\":{\"@id\":\"https:\\\/\\\/electrika.ca\\\/fr\\\/#organization\"},\"potentialAction\":[{\"@type\":\"SearchAction\",\"target\":{\"@type\":\"EntryPoint\",\"urlTemplate\":\"https:\\\/\\\/electrika.ca\\\/fr\\\/?s={search_term_string}\"},\"query-input\":{\"@type\":\"PropertyValueSpecification\",\"valueRequired\":true,\"valueName\":\"search_term_string\"}}],\"inLanguage\":\"fr-FR\"},{\"@type\":\"Organization\",\"@id\":\"https:\\\/\\\/electrika.ca\\\/fr\\\/#organization\",\"name\":\"Electrika\",\"url\":\"https:\\\/\\\/electrika.ca\\\/fr\\\/\",\"logo\":{\"@type\":\"ImageObject\",\"inLanguage\":\"fr-FR\",\"@id\":\"https:\\\/\\\/electrika.ca\\\/fr\\\/#\\\/schema\\\/logo\\\/image\\\/\",\"url\":\"https:\\\/\\\/electrika.ca\\\/wp-content\\\/uploads\\\/2018\\\/04\\\/Electrika-Logo.png\",\"contentUrl\":\"https:\\\/\\\/electrika.ca\\\/wp-content\\\/uploads\\\/2018\\\/04\\\/Electrika-Logo.png\",\"width\":600,\"height\":147,\"caption\":\"Electrika\"},\"image\":{\"@id\":\"https:\\\/\\\/electrika.ca\\\/fr\\\/#\\\/schema\\\/logo\\\/image\\\/\"},\"sameAs\":[\"https:\\\/\\\/www.facebook.com\\\/Electrika.YourHomeElectrician\",\"https:\\\/\\\/www.linkedin.com\\\/company\\\/electrika-inc-\\\/?originalSubdomain=ca\",\"https:\\\/\\\/www.youtube.com\\\/channel\\\/UCQssXvAQxaE6VVzCbdGdEOQ\"]}]}<\/script>\n<!-- \/ Yoast SEO plugin. -->","yoast_head_json":{"title":"Blog - Electrika","description":"Electrika has been providing residential electrical services since 2004. Over the years, we have seen every possible scenario. Here\u2019s a trustworthy resource about our profession: safety, prevention, pieces of advice, smart tips and much more for your home electrician needs.","robots":{"index":"index","follow":"follow","max-snippet":"max-snippet:-1","max-image-preview":"max-image-preview:large","max-video-preview":"max-video-preview:-1"},"canonical":"https:\/\/electrika.ca\/fr\/blog\/","og_locale":"fr_FR","og_type":"article","og_title":"Blog - Electrika","og_description":"Electrika has been providing residential electrical services since 2004. Over the years, we have seen every possible scenario. Here\u2019s a trustworthy resource about our profession: safety, prevention, pieces of advice, smart tips and much more for your home electrician needs.","og_url":"https:\/\/electrika.ca\/fr\/blog\/","og_site_name":"Electrika","article_publisher":"https:\/\/www.facebook.com\/Electrika.YourHomeElectrician","article_modified_time":"2026-04-29T12:42:27+00:00","og_image":[{"width":512,"height":512,"url":"https:\/\/electrika.ca\/wp-content\/uploads\/2018\/04\/cropped-Electrika-Favicon.png","type":"image\/png"}],"twitter_card":"summary_large_image","twitter_misc":{"Dur\u00e9e de lecture estim\u00e9e":"3 minutes"},"schema":{"@context":"https:\/\/schema.org","@graph":[{"@type":"WebPage","@id":"https:\/\/electrika.ca\/fr\/blog\/","url":"https:\/\/electrika.ca\/fr\/blog\/","name":"Blog - Electrika","isPartOf":{"@id":"https:\/\/electrika.ca\/fr\/#website"},"datePublished":"2018-04-05T16:04:57+00:00","dateModified":"2026-04-29T12:42:27+00:00","description":"Electrika has been providing residential electrical services since 2004. Over the years, we have seen every possible scenario. Here\u2019s a trustworthy resource about our profession: safety, prevention, pieces of advice, smart tips and much more for your home electrician needs.","breadcrumb":{"@id":"https:\/\/electrika.ca\/fr\/blog\/#breadcrumb"},"inLanguage":"fr-FR","potentialAction":[{"@type":"ReadAction","target":["https:\/\/electrika.ca\/fr\/blog\/"]}]},{"@type":"BreadcrumbList","@id":"https:\/\/electrika.ca\/fr\/blog\/#breadcrumb","itemListElement":[{"@type":"ListItem","position":1,"name":"Home","item":"https:\/\/electrika.ca\/fr\/"},{"@type":"ListItem","position":2,"name":"Blog"}]},{"@type":"WebSite","@id":"https:\/\/electrika.ca\/fr\/#website","url":"https:\/\/electrika.ca\/fr\/","name":"Electrika","description":"Home Services","publisher":{"@id":"https:\/\/electrika.ca\/fr\/#organization"},"potentialAction":[{"@type":"SearchAction","target":{"@type":"EntryPoint","urlTemplate":"https:\/\/electrika.ca\/fr\/?s={search_term_string}"},"query-input":{"@type":"PropertyValueSpecification","valueRequired":true,"valueName":"search_term_string"}}],"inLanguage":"fr-FR"},{"@type":"Organization","@id":"https:\/\/electrika.ca\/fr\/#organization","name":"Electrika","url":"https:\/\/electrika.ca\/fr\/","logo":{"@type":"ImageObject","inLanguage":"fr-FR","@id":"https:\/\/electrika.ca\/fr\/#\/schema\/logo\/image\/","url":"https:\/\/electrika.ca\/wp-content\/uploads\/2018\/04\/Electrika-Logo.png","contentUrl":"https:\/\/electrika.ca\/wp-content\/uploads\/2018\/04\/Electrika-Logo.png","width":600,"height":147,"caption":"Electrika"},"image":{"@id":"https:\/\/electrika.ca\/fr\/#\/schema\/logo\/image\/"},"sameAs":["https:\/\/www.facebook.com\/Electrika.YourHomeElectrician","https:\/\/www.linkedin.com\/company\/electrika-inc-\/?originalSubdomain=ca","https:\/\/www.youtube.com\/channel\/UCQssXvAQxaE6VVzCbdGdEOQ"]}]}},"_links":{"self":[{"href":"https:\/\/electrika.ca\/fr\/wp-json\/wp\/v2\/pages\/3452","targetHints":{"allow":["GET"]}}],"collection":[{"href":"https:\/\/electrika.ca\/fr\/wp-json\/wp\/v2\/pages"}],"about":[{"href":"https:\/\/electrika.ca\/fr\/wp-json\/wp\/v2\/types\/page"}],"author":[{"embeddable":true,"href":"https:\/\/electrika.ca\/fr\/wp-json\/wp\/v2\/users\/6"}],"replies":[{"embeddable":true,"href":"https:\/\/electrika.ca\/fr\/wp-json\/wp\/v2\/comments?post=3452"}],"version-history":[{"count":2,"href":"https:\/\/electrika.ca\/fr\/wp-json\/wp\/v2\/pages\/3452\/revisions"}],"predecessor-version":[{"id":3883,"href":"https:\/\/electrika.ca\/fr\/wp-json\/wp\/v2\/pages\/3452\/revisions\/3883"}],"wp:attachment":[{"href":"https:\/\/electrika.ca\/fr\/wp-json\/wp\/v2\/media?parent=3452"}],"curies":[{"name":"wp","href":"https:\/\/api.w.org\/{rel}","templated":true}]}}