{"id":88,"date":"2018-04-05T11:52:44","date_gmt":"2018-04-05T15:52:44","guid":{"rendered":"http:\/\/electrikamtl.wpengine.com\/?page_id=88"},"modified":"2026-04-26T08:09:35","modified_gmt":"2026-04-26T12:09:35","slug":"faq","status":"publish","type":"page","link":"https:\/\/electrika.ca\/en\/faq\/","title":{"rendered":"Faq"},"content":{"rendered":"<p>[et_pb_section fb_built=&#8221;1&#8243; module_class=&#8221;hero-sec&#8221; _builder_version=&#8221;4.16&#8243; _module_preset=&#8221;default&#8221; background_color=&#8221;rgba(0,0,0,0.64)&#8221; background_image=&#8221;https:\/\/electrika.ca\/wp-content\/uploads\/2021\/08\/17A9117.jpg&#8221; parallax=&#8221;on&#8221; parallax_method=&#8221;off&#8221; custom_padding=&#8221;120px||120px||true|false&#8221; global_colors_info=&#8221;{}&#8221;][et_pb_row _builder_version=&#8221;4.16&#8243; _module_preset=&#8221;default&#8221; locked=&#8221;off&#8221; global_colors_info=&#8221;{}&#8221;][et_pb_column type=&#8221;4_4&#8243; _builder_version=&#8221;4.16&#8243; _module_preset=&#8221;default&#8221; global_colors_info=&#8221;{}&#8221;][et_pb_text _builder_version=&#8221;4.16&#8243; _module_preset=&#8221;default&#8221; header_text_align=&#8221;center&#8221; header_font_size=&#8221;60px&#8221; header_line_height=&#8221;1.5em&#8221; background_layout=&#8221;dark&#8221; custom_margin=&#8221;||10px||false|false&#8221; header_font_size_tablet=&#8221;&#8221; header_font_size_phone=&#8221;48px&#8221; header_font_size_last_edited=&#8221;on|phone&#8221; header_line_height_tablet=&#8221;&#8221; header_line_height_phone=&#8221;1.3em&#8221; header_line_height_last_edited=&#8221;on|phone&#8221; header_text_shadow_style=&#8221;preset2&#8243; global_colors_info=&#8221;{}&#8221;]<\/p>\n<h1>FAQ<\/h1>\n<p>[\/et_pb_text][\/et_pb_column][\/et_pb_row][\/et_pb_section][et_pb_section fb_built=&#8221;1&#8243; _builder_version=&#8221;4.27.6&#8243; custom_margin=&#8221;||||false|false&#8221; custom_padding=&#8221;||||false|false&#8221; hover_enabled=&#8221;0&#8243; global_colors_info=&#8221;{}&#8221; sticky_enabled=&#8221;0&#8243;][et_pb_row _builder_version=&#8221;4.16&#8243; background_size=&#8221;initial&#8221; background_position=&#8221;top_left&#8221; background_repeat=&#8221;repeat&#8221; global_colors_info=&#8221;{}&#8221;][et_pb_column type=&#8221;4_4&#8243; _builder_version=&#8221;4.16&#8243; custom_padding=&#8221;|||&#8221; global_colors_info=&#8221;{}&#8221; custom_padding__hover=&#8221;|||&#8221;][et_pb_text _builder_version=&#8221;4.27.6&#8243; header_text_align=&#8221;center&#8221; header_text_color=&#8221;#43416E&#8221; header_font_size=&#8221;36px&#8221; text_orientation=&#8221;center&#8221; width=&#8221;75%&#8221; width_tablet=&#8221;90%&#8221; width_phone=&#8221;100%&#8221; width_last_edited=&#8221;on|phone&#8221; module_alignment=&#8221;center&#8221; global_colors_info=&#8221;{}&#8221;]<\/p>\n<h1 class=\"\">Frequently Asked <span class=\"skew\">Questions<\/span><\/h1>\n<p class=\"bodytext\">Electrika&#8217;s FAQ section answers questions about modalities, qualifications, insurance, warranties, financing and more. Have a look and get to know our business better!<\/p>\n<p>[\/et_pb_text][et_pb_accordion open_toggle_text_color=&#8221;#292C65&#8243; closed_toggle_background_color=&#8221;RGBA(255,255,255,0)&#8221; icon_color=&#8221;#292C65&#8243; module_class=&#8221;accordion-closed&#8221; _builder_version=&#8221;4.27.6&#8243; _module_preset=&#8221;default&#8221; toggle_text_color=&#8221;#292C65&#8243; toggle_font_size=&#8221;22px&#8221; width=&#8221;75%&#8221; width_tablet=&#8221;90%&#8221; width_phone=&#8221;100%&#8221; width_last_edited=&#8221;on|phone&#8221; module_alignment=&#8221;center&#8221; border_color_all=&#8221;#292C65&#8243; locked=&#8221;off&#8221; global_colors_info=&#8221;{}&#8221;][et_pb_accordion_item title=&#8221;Dont&#8217; touch&#8221; open=&#8221;on&#8221; _builder_version=&#8221;4.27.6&#8243; _module_preset=&#8221;default&#8221; global_colors_info=&#8221;{}&#8221;]The cost can vary depending on the charger type, your panel capacity, the distance between the panel and installation location, and whether panel upgrades are needed. For example, a straightforward installation is usually less complex than one requiring long wiring runs or panel upgrades. After our evaluation, we provide multiple options for your charger installation to allow you to make an informed decision before any work begins.[\/et_pb_accordion_item][et_pb_accordion_item title=&#8221;What are your skills at Electrika?&#8221; _builder_version=&#8221;4.27.6&#8243; _module_preset=&#8221;default&#8221; global_colors_info=&#8221;{}&#8221; open=&#8221;off&#8221;]<\/p>\n<p>All contractors who work in your home should be members of the R\u00e9gie du b\u00e2timent du Quebec (RBQ). You can check the license of any contractor in the\u00a0<a href=\"http:\/\/www.rpe.rbq.gouv.qc.ca\/GIC_Public_NET\/RPE\/GIC111\/GIC111PR01RechercheEntrepreneur.aspx\" target=\"_blank\" rel=\"noopener noreferrer\" data-track-event=\"click\" data-track-action=\"link_clicked\">license holder\u2019s repertory<\/a>. Electrika has held its RBQ license since 2004 and remains a member in good standing.<\/p>\n<p>All electrical contractors have to be members of the Corporation des ma\u00eetres \u00e9lectriciens du Qu\u00e9bec (<a href=\"https:\/\/www.cmeq.org\/english\/\" target=\"_blank\" rel=\"noopener noreferrer\" data-track-event=\"click\" data-track-action=\"link_clicked\">CMEQ<\/a>), the governing body for all electrical contractors in Quebec. Its mission is to protect the public and ensure integrity and safe practices for all its members.<\/p>\n<p><a href=\"https:\/\/www.caaquebec.com\/en\/\" target=\"_blank\" rel=\"noopener noreferrer\" data-track-event=\"click\" data-track-action=\"link_clicked\">CAA Quebec<\/a>\u00a0is a non-profit organization that offers its members high quality residential services, as well as automotive, travel and financial services and products. They complete customer satisfaction surveys for each of the business affiliated with them. If you are a CAA member and show your card at the time of service, Electrika will give you a 3% discount up-to $100 off the service rendered.<\/p>\n<p>Members of the Association des professionnels de la construction et de l\u2019habitation du Qu\u00e9bec (<a href=\"https:\/\/www.apchq.com\/\" target=\"_blank\" rel=\"noopener noreferrer\" data-track-event=\"click\" data-track-action=\"link_clicked\">APCHQ<\/a>) are renovation master professionals recognized for their experience, their professionalism and their skills. Members have committed themselves to implement rules that reflect the best practices in renovation. We are able to offer financing for your home electrical project through the\u00a0<a href=\"https:\/\/www.apchq.com\/\" target=\"_blank\" rel=\"noopener noreferrer\" data-track-event=\"click\" data-track-action=\"link_clicked\">APCHQ<\/a>\u00a0reno ready program.<\/p>\n<p>[\/et_pb_accordion_item][et_pb_accordion_item title=&#8221;Do you have liability insurance? If yes, can I have proof?&#8221; _builder_version=&#8221;4.27.6&#8243; _module_preset=&#8221;default&#8221; global_colors_info=&#8221;{}&#8221; open=&#8221;off&#8221;]<\/p>\n<div class=\"et_pb_module et_pb_toggle et_pb_toggle_1 et_pb_toggle_item et_pb_toggle_open\">\n<div class=\"et_pb_toggle_content clearfix\">\n<p>Of course, we will be happy to show it to you.<\/p>\n<\/div>\n<\/div>\n<p>[\/et_pb_accordion_item][et_pb_accordion_item title=&#8221;Do you provide a written guarantee?&#8221; _builder_version=&#8221;4.27.6&#8243; _module_preset=&#8221;default&#8221; global_colors_info=&#8221;{}&#8221; open=&#8221;off&#8221;]<\/p>\n<p>Yes, we provide a written warranty for all the work we do in your house.<\/p>\n<p>[\/et_pb_accordion_item][et_pb_accordion_item title=&#8221;How long are your jobs guaranteed?&#8221; _builder_version=&#8221;4.27.6&#8243; _module_preset=&#8221;default&#8221; global_colors_info=&#8221;{}&#8221; open=&#8221;off&#8221;]<\/p>\n<p>We guarantee all repairs for one year. If a repair fails within the first year we will repair it again absolutely free. All electrical panel and main service installations are guaranteed for a period of 3 years. Equipment and Fixtures that are installed in your home are guaranteed for a period of 1 year.<\/p>\n<p>[\/et_pb_accordion_item][et_pb_accordion_item title=&#8221;What is a home safety inspection?&#8221; _builder_version=&#8221;4.27.6&#8243; _module_preset=&#8221;default&#8221; global_colors_info=&#8221;{}&#8221; open=&#8221;off&#8221;]<\/p>\n<p>Electrika conducts a 12-point or 60-point evaluation of your electrical system. Our electricians will open panels, check for exposed wiring, lights, receptacles, switches, safety hazards, code violations and ground connections. This service is also offered to home owners and prospective home buyers who want to have a house inspected before they buy it.<\/p>\n<p>[\/et_pb_accordion_item][et_pb_accordion_item title=&#8221;Do you guarantee the price of the work in writing before it starts (even if you take 2 times longer than expected to finish it)?&#8221; _builder_version=&#8221;4.27.6&#8243; _module_preset=&#8221;default&#8221; global_colors_info=&#8221;{}&#8221; open=&#8221;off&#8221;]<\/p>\n<p>With Electrika, you will have no surprises at the end of the job, as we give upfront pricing and we stick to it. What we give you is the actual cost to perform the service needed, so you know in advance how much it will cost you.<\/p>\n<p>[\/et_pb_accordion_item][et_pb_accordion_item title=&#8221;Will all electricians who work at my home have a permit?&#8221; _builder_version=&#8221;4.27.6&#8243; _module_preset=&#8221;default&#8221; global_colors_info=&#8221;{}&#8221; open=&#8221;off&#8221;]<\/p>\n<p>All our electricians are fully qualified and most of them have more than 15 years of experience.<\/p>\n<p>[\/et_pb_accordion_item][et_pb_accordion_item title=&#8221;How can I pay for the work?&#8221; _builder_version=&#8221;4.27.6&#8243; _module_preset=&#8221;default&#8221; global_colors_info=&#8221;{}&#8221; open=&#8221;off&#8221;]<\/p>\n<p>We accept cash, cheque, Mastercard, and Visa. We also provide financing via Financeit.<\/p>\n<p>[\/et_pb_accordion_item][et_pb_accordion_item title=&#8221;When will you be able to do the work?&#8221; _builder_version=&#8221;4.27.6&#8243; _module_preset=&#8221;default&#8221; global_colors_info=&#8221;{}&#8221; open=&#8221;off&#8221;]<\/p>\n<div class=\"et_pb_module et_pb_toggle et_pb_toggle_12 et_pb_toggle_item et_pb_toggle_open\">\n<div class=\"et_pb_toggle_content clearfix\">If it is an emergency, you can reach us 24\/7 and we will come to your home promptly. in any case, we will make sure that we respond to you in a timely manner. You can book an appointment by calling our live customer care from Monday to Saturday from 7 am to 5 pm. As we have fully stocked trucks, we should be able in most cases to service your needs immediately. If it\u2019s a longer job, we guarantee you that the work will be completed on time.<\/div>\n<\/div>\n<p>[\/et_pb_accordion_item][et_pb_accordion_item title=&#8221;What is VIP treatment?&#8221; _builder_version=&#8221;4.27.6&#8243; _module_preset=&#8221;default&#8221; global_colors_info=&#8221;{}&#8221; open=&#8221;off&#8221;]<\/p>\n<p class=\"bodytext\">At Electrika, all our clients are important. Real people answer our phones and we will always treat you with courtesy and respect. We also make sure to always wear shoe protectors on our boots and will make sure we leave your home as clean if not cleaner than when we arrived.<\/p>\n<p class=\"bodytext\">Do you have other questions for us? Do not hesitate to\u00a0<a href=\"https:\/\/electrika.ca\/contact-us\" data-track-event=\"click\" data-track-action=\"internal_link_clicked\">contact us<\/a>\u00a0at any time.<\/p>\n<p>[\/et_pb_accordion_item][\/et_pb_accordion][\/et_pb_column][\/et_pb_row][\/et_pb_section][et_pb_section fb_built=&#8221;1&#8243; admin_label=&#8221;Service Area&#8221; _builder_version=&#8221;4.27.6&#8243; _module_preset=&#8221;default&#8221; custom_margin=&#8221;0px||||false|false&#8221; custom_padding=&#8221;0px||||false|false&#8221; locked=&#8221;off&#8221; global_colors_info=&#8221;{}&#8221;][et_pb_row _builder_version=&#8221;4.16&#8243; _module_preset=&#8221;default&#8221; global_colors_info=&#8221;{}&#8221;][et_pb_column type=&#8221;4_4&#8243; _builder_version=&#8221;4.16&#8243; _module_preset=&#8221;default&#8221; global_colors_info=&#8221;{}&#8221;][et_pb_text _builder_version=&#8221;4.27.6&#8243; _module_preset=&#8221;default&#8221; header_2_text_align=&#8221;center&#8221; header_2_text_color=&#8221;#43416e&#8221; header_2_font_size=&#8221;36px&#8221; header_2_font_size_tablet=&#8221;&#8221; header_2_font_size_phone=&#8221;30px&#8221; header_2_font_size_last_edited=&#8221;on|phone&#8221; global_colors_info=&#8221;{}&#8221;]<\/p>\n<h2>Our <span class=\"skew\">Service Area<\/span><\/h2>\n<p>[\/et_pb_text][\/et_pb_column][\/et_pb_row][et_pb_row _builder_version=&#8221;4.27.6&#8243; _module_preset=&#8221;default&#8221; global_colors_info=&#8221;{}&#8221;][et_pb_column type=&#8221;4_4&#8243; _builder_version=&#8221;4.27.6&#8243; _module_preset=&#8221;default&#8221; global_colors_info=&#8221;{}&#8221;][et_pb_image src=&#8221;https:\/\/electrika.ca\/wp-content\/uploads\/2026\/04\/Electrika-service-area.jpg&#8221; title_text=&#8221;Electrika service area&#8221; align=&#8221;center&#8221; _builder_version=&#8221;4.27.6&#8243; _module_preset=&#8221;default&#8221; global_colors_info=&#8221;{}&#8221;][\/et_pb_image][\/et_pb_column][\/et_pb_row][\/et_pb_section]<\/p>\n","protected":false},"excerpt":{"rendered":"<p>FAQFrequently Asked Questions Electrika&#8217;s FAQ section answers questions about modalities, qualifications, insurance, warranties, financing and more. Have a look and get to know our business better!The cost can vary depending on the charger type, your panel capacity, the distance between the panel and installation location, and whether panel upgrades are needed. For example, a straightforward [&hellip;]<\/p>\n","protected":false},"author":2,"featured_media":0,"parent":0,"menu_order":0,"comment_status":"closed","ping_status":"closed","template":"","meta":{"_et_pb_use_builder":"on","_et_pb_old_content":"","_et_gb_content_width":"","footnotes":""},"class_list":["post-88","page","type-page","status-publish","hentry"],"yoast_head":"<!-- This site is optimized with the Yoast SEO plugin v27.5 - https:\/\/yoast.com\/product\/yoast-seo-wordpress\/ -->\n<title>Faq | Montreal Electrician | Electrika<\/title>\n<meta name=\"description\" content=\"Electrika answers some of your frequently asked questions about our residential electrician services in Montreal, Laval and the South Shore including qualifications, insurance, warranties, financing and more. For more information, please call us!\" \/>\n<meta name=\"robots\" content=\"index, follow, max-snippet:-1, max-image-preview:large, max-video-preview:-1\" \/>\n<link rel=\"canonical\" href=\"https:\/\/electrika.ca\/en\/faq\/\" \/>\n<meta property=\"og:locale\" content=\"en_US\" \/>\n<meta property=\"og:type\" content=\"article\" \/>\n<meta property=\"og:title\" content=\"Faq | Montreal Electrician | Electrika\" \/>\n<meta property=\"og:description\" content=\"Electrika answers some of your frequently asked questions about our residential electrician services in Montreal, Laval and the South Shore including qualifications, insurance, warranties, financing and more. For more information, please call us!\" \/>\n<meta property=\"og:url\" content=\"https:\/\/electrika.ca\/en\/faq\/\" \/>\n<meta property=\"og:site_name\" content=\"Electrika\" \/>\n<meta property=\"article:publisher\" content=\"https:\/\/www.facebook.com\/Electrika.YourHomeElectrician\" \/>\n<meta property=\"article:modified_time\" content=\"2026-04-26T12:09:35+00:00\" \/>\n<meta property=\"og:image\" content=\"https:\/\/electrika.ca\/wp-content\/uploads\/2018\/04\/cropped-Electrika-Favicon.png\" \/>\n\t<meta property=\"og:image:width\" content=\"512\" \/>\n\t<meta property=\"og:image:height\" content=\"512\" \/>\n\t<meta property=\"og:image:type\" content=\"image\/png\" \/>\n<meta name=\"twitter:card\" content=\"summary_large_image\" \/>\n<meta name=\"twitter:label1\" content=\"Est. reading time\" \/>\n\t<meta name=\"twitter:data1\" content=\"4 minutes\" \/>\n<script type=\"application\/ld+json\" class=\"yoast-schema-graph\">{\"@context\":\"https:\\\/\\\/schema.org\",\"@graph\":[{\"@type\":\"WebPage\",\"@id\":\"https:\\\/\\\/electrika.ca\\\/en\\\/faq\\\/\",\"url\":\"https:\\\/\\\/electrika.ca\\\/en\\\/faq\\\/\",\"name\":\"Faq | Montreal Electrician | Electrika\",\"isPartOf\":{\"@id\":\"https:\\\/\\\/electrika.ca\\\/en\\\/#website\"},\"datePublished\":\"2018-04-05T15:52:44+00:00\",\"dateModified\":\"2026-04-26T12:09:35+00:00\",\"description\":\"Electrika answers some of your frequently asked questions about our residential electrician services in Montreal, Laval and the South Shore including qualifications, insurance, warranties, financing and more. For more information, please call us!\",\"breadcrumb\":{\"@id\":\"https:\\\/\\\/electrika.ca\\\/en\\\/faq\\\/#breadcrumb\"},\"inLanguage\":\"en-US\",\"potentialAction\":[{\"@type\":\"ReadAction\",\"target\":[\"https:\\\/\\\/electrika.ca\\\/en\\\/faq\\\/\"]}]},{\"@type\":\"BreadcrumbList\",\"@id\":\"https:\\\/\\\/electrika.ca\\\/en\\\/faq\\\/#breadcrumb\",\"itemListElement\":[{\"@type\":\"ListItem\",\"position\":1,\"name\":\"Home\",\"item\":\"https:\\\/\\\/electrika.ca\\\/en\\\/\"},{\"@type\":\"ListItem\",\"position\":2,\"name\":\"Faq\"}]},{\"@type\":\"WebSite\",\"@id\":\"https:\\\/\\\/electrika.ca\\\/en\\\/#website\",\"url\":\"https:\\\/\\\/electrika.ca\\\/en\\\/\",\"name\":\"Electrika\",\"description\":\"Home Services\",\"publisher\":{\"@id\":\"https:\\\/\\\/electrika.ca\\\/en\\\/#organization\"},\"potentialAction\":[{\"@type\":\"SearchAction\",\"target\":{\"@type\":\"EntryPoint\",\"urlTemplate\":\"https:\\\/\\\/electrika.ca\\\/en\\\/?s={search_term_string}\"},\"query-input\":{\"@type\":\"PropertyValueSpecification\",\"valueRequired\":true,\"valueName\":\"search_term_string\"}}],\"inLanguage\":\"en-US\"},{\"@type\":\"Organization\",\"@id\":\"https:\\\/\\\/electrika.ca\\\/en\\\/#organization\",\"name\":\"Electrika\",\"url\":\"https:\\\/\\\/electrika.ca\\\/en\\\/\",\"logo\":{\"@type\":\"ImageObject\",\"inLanguage\":\"en-US\",\"@id\":\"https:\\\/\\\/electrika.ca\\\/en\\\/#\\\/schema\\\/logo\\\/image\\\/\",\"url\":\"https:\\\/\\\/electrika.ca\\\/wp-content\\\/uploads\\\/2018\\\/04\\\/Electrika-Logo.png\",\"contentUrl\":\"https:\\\/\\\/electrika.ca\\\/wp-content\\\/uploads\\\/2018\\\/04\\\/Electrika-Logo.png\",\"width\":600,\"height\":147,\"caption\":\"Electrika\"},\"image\":{\"@id\":\"https:\\\/\\\/electrika.ca\\\/en\\\/#\\\/schema\\\/logo\\\/image\\\/\"},\"sameAs\":[\"https:\\\/\\\/www.facebook.com\\\/Electrika.YourHomeElectrician\",\"https:\\\/\\\/www.linkedin.com\\\/company\\\/electrika-inc-\\\/?originalSubdomain=ca\",\"https:\\\/\\\/www.youtube.com\\\/channel\\\/UCQssXvAQxaE6VVzCbdGdEOQ\"]}]}<\/script>\n<!-- \/ Yoast SEO plugin. -->","yoast_head_json":{"title":"Faq | Montreal Electrician | Electrika","description":"Electrika answers some of your frequently asked questions about our residential electrician services in Montreal, Laval and the South Shore including qualifications, insurance, warranties, financing and more. For more information, please call us!","robots":{"index":"index","follow":"follow","max-snippet":"max-snippet:-1","max-image-preview":"max-image-preview:large","max-video-preview":"max-video-preview:-1"},"canonical":"https:\/\/electrika.ca\/en\/faq\/","og_locale":"en_US","og_type":"article","og_title":"Faq | Montreal Electrician | Electrika","og_description":"Electrika answers some of your frequently asked questions about our residential electrician services in Montreal, Laval and the South Shore including qualifications, insurance, warranties, financing and more. For more information, please call us!","og_url":"https:\/\/electrika.ca\/en\/faq\/","og_site_name":"Electrika","article_publisher":"https:\/\/www.facebook.com\/Electrika.YourHomeElectrician","article_modified_time":"2026-04-26T12:09:35+00:00","og_image":[{"width":512,"height":512,"url":"https:\/\/electrika.ca\/wp-content\/uploads\/2018\/04\/cropped-Electrika-Favicon.png","type":"image\/png"}],"twitter_card":"summary_large_image","twitter_misc":{"Est. reading time":"4 minutes"},"schema":{"@context":"https:\/\/schema.org","@graph":[{"@type":"WebPage","@id":"https:\/\/electrika.ca\/en\/faq\/","url":"https:\/\/electrika.ca\/en\/faq\/","name":"Faq | Montreal Electrician | Electrika","isPartOf":{"@id":"https:\/\/electrika.ca\/en\/#website"},"datePublished":"2018-04-05T15:52:44+00:00","dateModified":"2026-04-26T12:09:35+00:00","description":"Electrika answers some of your frequently asked questions about our residential electrician services in Montreal, Laval and the South Shore including qualifications, insurance, warranties, financing and more. For more information, please call us!","breadcrumb":{"@id":"https:\/\/electrika.ca\/en\/faq\/#breadcrumb"},"inLanguage":"en-US","potentialAction":[{"@type":"ReadAction","target":["https:\/\/electrika.ca\/en\/faq\/"]}]},{"@type":"BreadcrumbList","@id":"https:\/\/electrika.ca\/en\/faq\/#breadcrumb","itemListElement":[{"@type":"ListItem","position":1,"name":"Home","item":"https:\/\/electrika.ca\/en\/"},{"@type":"ListItem","position":2,"name":"Faq"}]},{"@type":"WebSite","@id":"https:\/\/electrika.ca\/en\/#website","url":"https:\/\/electrika.ca\/en\/","name":"Electrika","description":"Home Services","publisher":{"@id":"https:\/\/electrika.ca\/en\/#organization"},"potentialAction":[{"@type":"SearchAction","target":{"@type":"EntryPoint","urlTemplate":"https:\/\/electrika.ca\/en\/?s={search_term_string}"},"query-input":{"@type":"PropertyValueSpecification","valueRequired":true,"valueName":"search_term_string"}}],"inLanguage":"en-US"},{"@type":"Organization","@id":"https:\/\/electrika.ca\/en\/#organization","name":"Electrika","url":"https:\/\/electrika.ca\/en\/","logo":{"@type":"ImageObject","inLanguage":"en-US","@id":"https:\/\/electrika.ca\/en\/#\/schema\/logo\/image\/","url":"https:\/\/electrika.ca\/wp-content\/uploads\/2018\/04\/Electrika-Logo.png","contentUrl":"https:\/\/electrika.ca\/wp-content\/uploads\/2018\/04\/Electrika-Logo.png","width":600,"height":147,"caption":"Electrika"},"image":{"@id":"https:\/\/electrika.ca\/en\/#\/schema\/logo\/image\/"},"sameAs":["https:\/\/www.facebook.com\/Electrika.YourHomeElectrician","https:\/\/www.linkedin.com\/company\/electrika-inc-\/?originalSubdomain=ca","https:\/\/www.youtube.com\/channel\/UCQssXvAQxaE6VVzCbdGdEOQ"]}]}},"_links":{"self":[{"href":"https:\/\/electrika.ca\/en\/wp-json\/wp\/v2\/pages\/88","targetHints":{"allow":["GET"]}}],"collection":[{"href":"https:\/\/electrika.ca\/en\/wp-json\/wp\/v2\/pages"}],"about":[{"href":"https:\/\/electrika.ca\/en\/wp-json\/wp\/v2\/types\/page"}],"author":[{"embeddable":true,"href":"https:\/\/electrika.ca\/en\/wp-json\/wp\/v2\/users\/2"}],"replies":[{"embeddable":true,"href":"https:\/\/electrika.ca\/en\/wp-json\/wp\/v2\/comments?post=88"}],"version-history":[{"count":12,"href":"https:\/\/electrika.ca\/en\/wp-json\/wp\/v2\/pages\/88\/revisions"}],"predecessor-version":[{"id":3320,"href":"https:\/\/electrika.ca\/en\/wp-json\/wp\/v2\/pages\/88\/revisions\/3320"}],"wp:attachment":[{"href":"https:\/\/electrika.ca\/en\/wp-json\/wp\/v2\/media?parent=88"}],"curies":[{"name":"wp","href":"https:\/\/api.w.org\/{rel}","templated":true}]}}